{"id":2960,"date":"2023-08-21T14:47:00","date_gmt":"2023-08-21T12:47:00","guid":{"rendered":"https:\/\/zsstpz.pl\/liceum\/?page_id=2960"},"modified":"2024-10-07T13:19:25","modified_gmt":"2024-10-07T11:19:25","slug":"samorzad-uczniowski","status":"publish","type":"page","link":"https:\/\/zsstpz.pl\/liceum\/dla-uczniow\/samorzad-uczniowski\/","title":{"rendered":"Samorz\u0105d Uczniowski"},"content":{"rendered":"\t\t<div data-elementor-type=\"wp-page\" data-elementor-id=\"2960\" class=\"elementor elementor-2960\">\n\t\t\t\t\t\t<section class=\"elementor-section elementor-top-section elementor-element elementor-element-712f6ae elementor-section-boxed elementor-section-height-default elementor-section-height-default\" data-id=\"712f6ae\" data-element_type=\"section\" data-e-type=\"section\">\n\t\t\t\t\t\t<div class=\"elementor-container elementor-column-gap-default\">\n\t\t\t\t\t<div class=\"elementor-column elementor-col-100 elementor-top-column elementor-element elementor-element-b582b2a\" data-id=\"b582b2a\" data-element_type=\"column\" data-e-type=\"column\">\n\t\t\t<div class=\"elementor-widget-wrap elementor-element-populated\">\n\t\t\t\t\t\t<div class=\"elementor-element elementor-element-c4cd918 srodek elementor-widget elementor-widget-edum_our_instructors_v2\" data-id=\"c4cd918\" data-element_type=\"widget\" data-e-type=\"widget\" data-widget_type=\"edum_our_instructors_v2.default\">\n\t\t\t\t<div class=\"elementor-widget-container\">\n\t\t\t\t\t\t\t\n        <!-- Team Section -->\n        <section class=\"team-section\">\n            <div class=\"auto-container\">\n                                <!-- Sec Title -->\n                <div class=\"sec-title centered\">\n                    <h2> Uczniowie <span class=\"pattern-icon\"><\/span><\/h2>                    <div class=\"text\">Samorz\u0105d Uczniowski Spo\u0142ecznego Liceum Og\u00f3lnokszta\u0142c\u0105cego TPZ w roku szkolnym 2024\/2025\n<\/div>                <\/div>\n                                <div class=\"row clearfix\">\n                                    <!-- Team Block -->\n                    <div class=\"team-block col-lg-3 col-md-6 col-sm-12\">\n                        <div class=\"inner-box wow fadeInLeft\" data-wow-delay=\"0ms\" data-wow-duration=\"1500ms\">\n                                                        <div class=\"lower-content\">\n                                <h5><a href=\"\">Milena Bukowska<\/a><\/h5>\n                                <div class=\"designation\">Przewodnicz\u0105ca (kl. II) <br><br><\/div>\n                                                                <!-- Social Box -->\n                                <ul class=\"social-box\">\n\t\t\t\t\t\t\t\t                                <\/ul>\n                                                            <\/div>\n                        <\/div>\n                    <\/div>\n                                        <!-- Team Block -->\n                    <div class=\"team-block col-lg-3 col-md-6 col-sm-12\">\n                        <div class=\"inner-box wow fadeInLeft\" data-wow-delay=\"0ms\" data-wow-duration=\"1500ms\">\n                                                        <div class=\"lower-content\">\n                                <h5><a href=\"\">Kacper Szymajda<\/a><\/h5>\n                                <div class=\"designation\">Wiceprzewodnicz\u0105cy (kl. II) <br><br><\/div>\n                                                                <!-- Social Box -->\n                                <ul class=\"social-box\">\n\t\t\t\t\t\t\t\t                                <\/ul>\n                                                            <\/div>\n                        <\/div>\n                    <\/div>\n                                        <!-- Team Block -->\n                    <div class=\"team-block col-lg-3 col-md-6 col-sm-12\">\n                        <div class=\"inner-box wow fadeInLeft\" data-wow-delay=\"0ms\" data-wow-duration=\"1500ms\">\n                                                        <div class=\"lower-content\">\n                                <h5><a href=\"\">Amelia Humka<\/a><\/h5>\n                                <div class=\"designation\">skarbnik (kl. II) <br><br><\/div>\n                                                                <!-- Social Box -->\n                                <ul class=\"social-box\">\n\t\t\t\t\t\t\t\t                                <\/ul>\n                                                            <\/div>\n                        <\/div>\n                    <\/div>\n                                        <!-- Team Block -->\n                    <div class=\"team-block col-lg-3 col-md-6 col-sm-12\">\n                        <div class=\"inner-box wow fadeInLeft\" data-wow-delay=\"0ms\" data-wow-duration=\"1500ms\">\n                                                        <div class=\"lower-content\">\n                                <h5><a href=\"\">Kramarz Miko\u0142aj<\/a><\/h5>\n                                <div class=\"designation\">cz\u0142onek samorz\u0105du (kl. IV) <br><br><\/div>\n                                                                <!-- Social Box -->\n                                <ul class=\"social-box\">\n\t\t\t\t\t\t\t\t                                <\/ul>\n                                                            <\/div>\n                        <\/div>\n                    <\/div>\n                                    <\/div>\n                            <\/div>\n        <\/section>\n        <!-- End Team Section -->\n        \n        \t\t\t\t<\/div>\n\t\t\t\t<\/div>\n\t\t\t\t\t<\/div>\n\t\t<\/div>\n\t\t\t\t\t<\/div>\n\t\t<\/section>\n\t\t\t\t<\/div>\n\t\t","protected":false},"excerpt":{"rendered":"<p>Uczniowie Samorz\u0105d Uczniowski Spo\u0142ecznego Liceum Og\u00f3lnokszta\u0142c\u0105cego TPZ w roku szkolnym 2024\/2025 Milena Bukowska Przewodnicz\u0105ca (kl. II) Kacper Szymajda Wiceprzewodnicz\u0105cy (kl. II) Amelia Humka skarbnik (kl. II) Kramarz Miko\u0142aj cz\u0142onek samorz\u0105du (kl. IV)<\/p>\n","protected":false},"author":2,"featured_media":0,"parent":2886,"menu_order":0,"comment_status":"closed","ping_status":"closed","template":"tpl-default-elementor.php","meta":{"footnotes":""},"class_list":["post-2960","page","type-page","status-publish","hentry"],"yoast_head":"<!-- This site is optimized with the Yoast SEO plugin v27.2 - https:\/\/yoast.com\/product\/yoast-seo-wordpress\/ -->\n<title>Samorz\u0105d Uczniowski - Spo\u0142eczne Liceum Og\u00f3lnokszta\u0142c\u0105ce<\/title>\n<meta name=\"description\" content=\"Liceum Og\u00f3lnokszta\u0142c\u0105ce nale\u017c\u0105ce do Zespo\u0142u Szk\u00f3\u0142 Spo\u0142ecznych w Zgierzu Towarzystwa Przyjaci\u00f3\u0142 Zgierza - sk\u0142ad samorz\u0105du uczniowskiego.\" \/>\n<meta name=\"robots\" content=\"index, follow, max-snippet:-1, max-image-preview:large, max-video-preview:-1\" \/>\n<link rel=\"canonical\" href=\"https:\/\/zsstpz.pl\/liceum\/dla-uczniow\/samorzad-uczniowski\/\" \/>\n<meta property=\"og:locale\" content=\"pl_PL\" \/>\n<meta property=\"og:type\" content=\"article\" \/>\n<meta property=\"og:title\" content=\"Samorz\u0105d Uczniowski - Spo\u0142eczne Liceum Og\u00f3lnokszta\u0142c\u0105ce\" \/>\n<meta property=\"og:description\" content=\"Liceum Og\u00f3lnokszta\u0142c\u0105ce nale\u017c\u0105ce do Zespo\u0142u Szk\u00f3\u0142 Spo\u0142ecznych w Zgierzu Towarzystwa Przyjaci\u00f3\u0142 Zgierza - sk\u0142ad samorz\u0105du uczniowskiego.\" \/>\n<meta property=\"og:url\" content=\"https:\/\/zsstpz.pl\/liceum\/dla-uczniow\/samorzad-uczniowski\/\" \/>\n<meta property=\"og:site_name\" content=\"Spo\u0142eczne Liceum Og\u00f3lnokszta\u0142c\u0105ce\" \/>\n<meta property=\"article:modified_time\" content=\"2024-10-07T11:19:25+00:00\" \/>\n<meta name=\"twitter:card\" content=\"summary_large_image\" \/>\n<meta name=\"twitter:label1\" content=\"Szacowany czas czytania\" \/>\n\t<meta name=\"twitter:data1\" content=\"1 minuta\" \/>\n<script type=\"application\/ld+json\" class=\"yoast-schema-graph\">{\"@context\":\"https:\/\/schema.org\",\"@graph\":[{\"@type\":\"WebPage\",\"@id\":\"https:\/\/zsstpz.pl\/liceum\/dla-uczniow\/samorzad-uczniowski\/\",\"url\":\"https:\/\/zsstpz.pl\/liceum\/dla-uczniow\/samorzad-uczniowski\/\",\"name\":\"Samorz\u0105d Uczniowski - Spo\u0142eczne Liceum Og\u00f3lnokszta\u0142c\u0105ce\",\"isPartOf\":{\"@id\":\"https:\/\/zsstpz.pl\/liceum\/#website\"},\"datePublished\":\"2023-08-21T12:47:00+00:00\",\"dateModified\":\"2024-10-07T11:19:25+00:00\",\"description\":\"Liceum Og\u00f3lnokszta\u0142c\u0105ce nale\u017c\u0105ce do Zespo\u0142u Szk\u00f3\u0142 Spo\u0142ecznych w Zgierzu Towarzystwa Przyjaci\u00f3\u0142 Zgierza - sk\u0142ad samorz\u0105du uczniowskiego.\",\"breadcrumb\":{\"@id\":\"https:\/\/zsstpz.pl\/liceum\/dla-uczniow\/samorzad-uczniowski\/#breadcrumb\"},\"inLanguage\":\"pl-PL\",\"potentialAction\":[{\"@type\":\"ReadAction\",\"target\":[\"https:\/\/zsstpz.pl\/liceum\/dla-uczniow\/samorzad-uczniowski\/\"]}]},{\"@type\":\"BreadcrumbList\",\"@id\":\"https:\/\/zsstpz.pl\/liceum\/dla-uczniow\/samorzad-uczniowski\/#breadcrumb\",\"itemListElement\":[{\"@type\":\"ListItem\",\"position\":1,\"name\":\"Strona g\u0142\u00f3wna\",\"item\":\"https:\/\/zsstpz.pl\/liceum\/\"},{\"@type\":\"ListItem\",\"position\":2,\"name\":\"Dla uczni\u00f3w\",\"item\":\"https:\/\/zsstpz.pl\/liceum\/dla-uczniow\/\"},{\"@type\":\"ListItem\",\"position\":3,\"name\":\"Samorz\u0105d Uczniowski\"}]},{\"@type\":\"WebSite\",\"@id\":\"https:\/\/zsstpz.pl\/liceum\/#website\",\"url\":\"https:\/\/zsstpz.pl\/liceum\/\",\"name\":\"Spo\u0142eczne Liceum Og\u00f3lnokszta\u0142c\u0105ce\",\"description\":\"TPZ\",\"potentialAction\":[{\"@type\":\"SearchAction\",\"target\":{\"@type\":\"EntryPoint\",\"urlTemplate\":\"https:\/\/zsstpz.pl\/liceum\/?s={search_term_string}\"},\"query-input\":{\"@type\":\"PropertyValueSpecification\",\"valueRequired\":true,\"valueName\":\"search_term_string\"}}],\"inLanguage\":\"pl-PL\"}]}<\/script>\n<!-- \/ Yoast SEO plugin. -->","yoast_head_json":{"title":"Samorz\u0105d Uczniowski - Spo\u0142eczne Liceum Og\u00f3lnokszta\u0142c\u0105ce","description":"Liceum Og\u00f3lnokszta\u0142c\u0105ce nale\u017c\u0105ce do Zespo\u0142u Szk\u00f3\u0142 Spo\u0142ecznych w Zgierzu Towarzystwa Przyjaci\u00f3\u0142 Zgierza - sk\u0142ad samorz\u0105du uczniowskiego.","robots":{"index":"index","follow":"follow","max-snippet":"max-snippet:-1","max-image-preview":"max-image-preview:large","max-video-preview":"max-video-preview:-1"},"canonical":"https:\/\/zsstpz.pl\/liceum\/dla-uczniow\/samorzad-uczniowski\/","og_locale":"pl_PL","og_type":"article","og_title":"Samorz\u0105d Uczniowski - Spo\u0142eczne Liceum Og\u00f3lnokszta\u0142c\u0105ce","og_description":"Liceum Og\u00f3lnokszta\u0142c\u0105ce nale\u017c\u0105ce do Zespo\u0142u Szk\u00f3\u0142 Spo\u0142ecznych w Zgierzu Towarzystwa Przyjaci\u00f3\u0142 Zgierza - sk\u0142ad samorz\u0105du uczniowskiego.","og_url":"https:\/\/zsstpz.pl\/liceum\/dla-uczniow\/samorzad-uczniowski\/","og_site_name":"Spo\u0142eczne Liceum Og\u00f3lnokszta\u0142c\u0105ce","article_modified_time":"2024-10-07T11:19:25+00:00","twitter_card":"summary_large_image","twitter_misc":{"Szacowany czas czytania":"1 minuta"},"schema":{"@context":"https:\/\/schema.org","@graph":[{"@type":"WebPage","@id":"https:\/\/zsstpz.pl\/liceum\/dla-uczniow\/samorzad-uczniowski\/","url":"https:\/\/zsstpz.pl\/liceum\/dla-uczniow\/samorzad-uczniowski\/","name":"Samorz\u0105d Uczniowski - Spo\u0142eczne Liceum Og\u00f3lnokszta\u0142c\u0105ce","isPartOf":{"@id":"https:\/\/zsstpz.pl\/liceum\/#website"},"datePublished":"2023-08-21T12:47:00+00:00","dateModified":"2024-10-07T11:19:25+00:00","description":"Liceum Og\u00f3lnokszta\u0142c\u0105ce nale\u017c\u0105ce do Zespo\u0142u Szk\u00f3\u0142 Spo\u0142ecznych w Zgierzu Towarzystwa Przyjaci\u00f3\u0142 Zgierza - sk\u0142ad samorz\u0105du uczniowskiego.","breadcrumb":{"@id":"https:\/\/zsstpz.pl\/liceum\/dla-uczniow\/samorzad-uczniowski\/#breadcrumb"},"inLanguage":"pl-PL","potentialAction":[{"@type":"ReadAction","target":["https:\/\/zsstpz.pl\/liceum\/dla-uczniow\/samorzad-uczniowski\/"]}]},{"@type":"BreadcrumbList","@id":"https:\/\/zsstpz.pl\/liceum\/dla-uczniow\/samorzad-uczniowski\/#breadcrumb","itemListElement":[{"@type":"ListItem","position":1,"name":"Strona g\u0142\u00f3wna","item":"https:\/\/zsstpz.pl\/liceum\/"},{"@type":"ListItem","position":2,"name":"Dla uczni\u00f3w","item":"https:\/\/zsstpz.pl\/liceum\/dla-uczniow\/"},{"@type":"ListItem","position":3,"name":"Samorz\u0105d Uczniowski"}]},{"@type":"WebSite","@id":"https:\/\/zsstpz.pl\/liceum\/#website","url":"https:\/\/zsstpz.pl\/liceum\/","name":"Spo\u0142eczne Liceum Og\u00f3lnokszta\u0142c\u0105ce","description":"TPZ","potentialAction":[{"@type":"SearchAction","target":{"@type":"EntryPoint","urlTemplate":"https:\/\/zsstpz.pl\/liceum\/?s={search_term_string}"},"query-input":{"@type":"PropertyValueSpecification","valueRequired":true,"valueName":"search_term_string"}}],"inLanguage":"pl-PL"}]}},"_links":{"self":[{"href":"https:\/\/zsstpz.pl\/liceum\/wp-json\/wp\/v2\/pages\/2960","targetHints":{"allow":["GET"]}}],"collection":[{"href":"https:\/\/zsstpz.pl\/liceum\/wp-json\/wp\/v2\/pages"}],"about":[{"href":"https:\/\/zsstpz.pl\/liceum\/wp-json\/wp\/v2\/types\/page"}],"author":[{"embeddable":true,"href":"https:\/\/zsstpz.pl\/liceum\/wp-json\/wp\/v2\/users\/2"}],"replies":[{"embeddable":true,"href":"https:\/\/zsstpz.pl\/liceum\/wp-json\/wp\/v2\/comments?post=2960"}],"version-history":[{"count":21,"href":"https:\/\/zsstpz.pl\/liceum\/wp-json\/wp\/v2\/pages\/2960\/revisions"}],"predecessor-version":[{"id":4557,"href":"https:\/\/zsstpz.pl\/liceum\/wp-json\/wp\/v2\/pages\/2960\/revisions\/4557"}],"up":[{"embeddable":true,"href":"https:\/\/zsstpz.pl\/liceum\/wp-json\/wp\/v2\/pages\/2886"}],"wp:attachment":[{"href":"https:\/\/zsstpz.pl\/liceum\/wp-json\/wp\/v2\/media?parent=2960"}],"curies":[{"name":"wp","href":"https:\/\/api.w.org\/{rel}","templated":true}]}}