{"id":4279,"date":"2023-11-07T11:46:14","date_gmt":"2023-11-07T10:46:14","guid":{"rendered":"https:\/\/zsstpz.pl\/liceum\/?page_id=4279"},"modified":"2023-11-28T15:52:00","modified_gmt":"2023-11-28T14:52:00","slug":"ogloszenia-i-informacje","status":"publish","type":"page","link":"https:\/\/zsstpz.pl\/liceum\/o-szkole\/ogloszenia-i-informacje\/","title":{"rendered":"Og\u0142oszenia i informacje"},"content":{"rendered":"\t\t<div data-elementor-type=\"wp-page\" data-elementor-id=\"4279\" class=\"elementor elementor-4279\">\n\t\t\t\t\t\t<section class=\"elementor-section elementor-top-section elementor-element elementor-element-9739f8e elementor-section-full_width elementor-section-height-default elementor-section-height-default\" data-id=\"9739f8e\" data-element_type=\"section\" data-e-type=\"section\">\n\t\t\t\t\t\t<div class=\"elementor-container elementor-column-gap-default\">\n\t\t\t\t\t<div class=\"elementor-column elementor-col-100 elementor-top-column elementor-element elementor-element-550a478\" data-id=\"550a478\" data-element_type=\"column\" data-e-type=\"column\">\n\t\t\t<div class=\"elementor-widget-wrap elementor-element-populated\">\n\t\t\t\t\t\t<div class=\"elementor-element elementor-element-a435d4c elementor-widget elementor-widget-edum_blog_grid_view\" data-id=\"a435d4c\" data-element_type=\"widget\" data-e-type=\"widget\" data-widget_type=\"edum_blog_grid_view.default\">\n\t\t\t\t<div class=\"elementor-widget-container\">\n\t\t\t\t\t\t\t\n        <!-- Blog Page Section -->\n        <section class=\"blog-page-section news-home-11\">\n            <div class=\"auto-container\">\n                <div class=\"row clearfix\">\n                                        <!-- News Block -->\n                    <div class=\"col-lg-4 col-md-4 col-sm-12\">\n                        <div class=\"single-item m-b30\">\n                            <figure class=\"image-box\">\n                                <img fetchpriority=\"high\" decoding=\"async\" width=\"370\" height=\"370\" src=\"https:\/\/zsstpz.pl\/liceum\/wp-content\/uploads\/sites\/4\/2026\/03\/35-lecie-370x370.jpg\" class=\"attachment-edum_370x370 size-edum_370x370 wp-post-image\" alt=\"\" srcset=\"https:\/\/zsstpz.pl\/liceum\/wp-content\/uploads\/sites\/4\/2026\/03\/35-lecie-370x370.jpg 370w, https:\/\/zsstpz.pl\/liceum\/wp-content\/uploads\/sites\/4\/2026\/03\/35-lecie-150x150.jpg 150w, https:\/\/zsstpz.pl\/liceum\/wp-content\/uploads\/sites\/4\/2026\/03\/35-lecie-189x189.jpg 189w, https:\/\/zsstpz.pl\/liceum\/wp-content\/uploads\/sites\/4\/2026\/03\/35-lecie-200x200.jpg 200w, https:\/\/zsstpz.pl\/liceum\/wp-content\/uploads\/sites\/4\/2026\/03\/35-lecie-80x80.jpg 80w, https:\/\/zsstpz.pl\/liceum\/wp-content\/uploads\/sites\/4\/2026\/03\/35-lecie-170x170.jpg 170w, https:\/\/zsstpz.pl\/liceum\/wp-content\/uploads\/sites\/4\/2026\/03\/35-lecie-300x300.jpg 300w, https:\/\/zsstpz.pl\/liceum\/wp-content\/uploads\/sites\/4\/2026\/03\/35-lecie-100x100.jpg 100w\" sizes=\"(max-width: 370px) 100vw, 370px\" \/>                                <a href=\"https:\/\/zsstpz.pl\/liceum\/35-lecie-ss-tpz\/\" class=\"link\"><i class=\"flaticon-plus-symbol\"><\/i><\/a>\n                                <div class=\"category\"><a href=\"https:\/\/zsstpz.pl\/liceum\/category\/ogloszenia\/\" rel=\"category tag\">Og\u0142oszenia<\/a> <a href=\"https:\/\/zsstpz.pl\/liceum\/category\/szkola\/\" rel=\"category tag\">Szko\u0142a<\/a><\/div>\n                            <\/figure>\n                            <div class=\"lower-content\">\n                                <div class=\"in-wrap\">\n                                    <ul class=\"post-info clearfix\">\n                                        <li><span>2026-03-02<\/span><\/li>\n                                        <li><a href=\"https:\/\/zsstpz.pl\/liceum\/35-lecie-ss-tpz\/\">arekmit<\/a><\/li>\n                                    <\/ul>\n                                    <h3><a href=\"https:\/\/zsstpz.pl\/liceum\/35-lecie-ss-tpz\/\">35 lecie SS TPZ<\/a><\/h3>\n                                    <div class=\"text\">Jubileusz Drodzy Przyjaciele i Sympatycy Naszej Szko\u0142y! Mamy zaszczyt og\u0142osi\u0107, \u017ce \u015bwi\u0119tujemy wyj\u0105tkowy jubileusz 35 lat istnienia Szk\u00f3\u0142 Spo\u0142ecznych TPZ. ...<\/div>\n                                    <div class=\"btn-box m-t30\"><a href=\"https:\/\/zsstpz.pl\/liceum\/35-lecie-ss-tpz\/\" class=\"btn-style-one theme-btn\"><span class=\"txt\">Czytaj Dalej<\/span><\/a><\/div>\n                                <\/div>\n                            <\/div>\n                        <\/div>\n                    <\/div>\n                                        <!-- News Block -->\n                    <div class=\"col-lg-4 col-md-4 col-sm-12\">\n                        <div class=\"single-item m-b30\">\n                            <figure class=\"image-box\">\n                                <img decoding=\"async\" width=\"370\" height=\"370\" src=\"https:\/\/zsstpz.pl\/liceum\/wp-content\/uploads\/sites\/4\/2023\/08\/o-szkole-dokumenty-370x370.jpg\" class=\"attachment-edum_370x370 size-edum_370x370 wp-post-image\" alt=\"\" srcset=\"https:\/\/zsstpz.pl\/liceum\/wp-content\/uploads\/sites\/4\/2023\/08\/o-szkole-dokumenty-370x370.jpg 370w, https:\/\/zsstpz.pl\/liceum\/wp-content\/uploads\/sites\/4\/2023\/08\/o-szkole-dokumenty-150x150.jpg 150w, https:\/\/zsstpz.pl\/liceum\/wp-content\/uploads\/sites\/4\/2023\/08\/o-szkole-dokumenty-189x189.jpg 189w, https:\/\/zsstpz.pl\/liceum\/wp-content\/uploads\/sites\/4\/2023\/08\/o-szkole-dokumenty-200x200.jpg 200w, https:\/\/zsstpz.pl\/liceum\/wp-content\/uploads\/sites\/4\/2023\/08\/o-szkole-dokumenty-80x80.jpg 80w, https:\/\/zsstpz.pl\/liceum\/wp-content\/uploads\/sites\/4\/2023\/08\/o-szkole-dokumenty-170x170.jpg 170w, https:\/\/zsstpz.pl\/liceum\/wp-content\/uploads\/sites\/4\/2023\/08\/o-szkole-dokumenty-300x300.jpg 300w, https:\/\/zsstpz.pl\/liceum\/wp-content\/uploads\/sites\/4\/2023\/08\/o-szkole-dokumenty-100x100.jpg 100w\" sizes=\"(max-width: 370px) 100vw, 370px\" \/>                                <a href=\"https:\/\/zsstpz.pl\/liceum\/szkola-jest-zamknieta\/\" class=\"link\"><i class=\"flaticon-plus-symbol\"><\/i><\/a>\n                                <div class=\"category\"><a href=\"https:\/\/zsstpz.pl\/liceum\/category\/ogloszenia\/\" rel=\"category tag\">Og\u0142oszenia<\/a> <a href=\"https:\/\/zsstpz.pl\/liceum\/category\/szkola\/\" rel=\"category tag\">Szko\u0142a<\/a><\/div>\n                            <\/figure>\n                            <div class=\"lower-content\">\n                                <div class=\"in-wrap\">\n                                    <ul class=\"post-info clearfix\">\n                                        <li><span>2024-07-09<\/span><\/li>\n                                        <li><a href=\"https:\/\/zsstpz.pl\/liceum\/szkola-jest-zamknieta\/\">arekmit<\/a><\/li>\n                                    <\/ul>\n                                    <h3><a href=\"https:\/\/zsstpz.pl\/liceum\/szkola-jest-zamknieta\/\">Szko\u0142a jest zamkni\u0119ta<\/a><\/h3>\n                                    <div class=\"text\">Uprzejmie informujemy W okresie od 15 lipca do 16 sierpnia 2024 roku Szko\u0142a jest zamkni\u0119ta. \u00a0 W tym czasie istnieje ...<\/div>\n                                    <div class=\"btn-box m-t30\"><a href=\"https:\/\/zsstpz.pl\/liceum\/szkola-jest-zamknieta\/\" class=\"btn-style-one theme-btn\"><span class=\"txt\">Czytaj Dalej<\/span><\/a><\/div>\n                                <\/div>\n                            <\/div>\n                        <\/div>\n                    <\/div>\n                                    <\/div>\n                \n                <!-- Button Box -->\n                <div class=\"btn-box text-center\">\n                    <!-- Post Share Options -->\n                    <div class=\"styled-pagination\">\n                                            <\/div>\n                <\/div>\n                \n            <\/div>\n        <\/section>\n        <!-- End Blog Page Section -->\n        \n        \t\t\t\t<\/div>\n\t\t\t\t<\/div>\n\t\t\t\t\t<\/div>\n\t\t<\/div>\n\t\t\t\t\t<\/div>\n\t\t<\/section>\n\t\t\t\t<section class=\"elementor-section elementor-top-section elementor-element elementor-element-967da9d elementor-section-full_width elementor-section-height-default elementor-section-height-default\" data-id=\"967da9d\" data-element_type=\"section\" data-e-type=\"section\">\n\t\t\t\t\t\t<div class=\"elementor-container elementor-column-gap-default\">\n\t\t\t\t\t<div class=\"elementor-column elementor-col-100 elementor-top-column elementor-element elementor-element-62d45e6\" data-id=\"62d45e6\" data-element_type=\"column\" data-e-type=\"column\">\n\t\t\t<div class=\"elementor-widget-wrap elementor-element-populated\">\n\t\t\t\t\t\t<div class=\"elementor-element elementor-element-b13637f elementor-widget elementor-widget-spacer\" data-id=\"b13637f\" data-element_type=\"widget\" data-e-type=\"widget\" data-widget_type=\"spacer.default\">\n\t\t\t\t<div class=\"elementor-widget-container\">\n\t\t\t\t\t\t\t<div class=\"elementor-spacer\">\n\t\t\t<div class=\"elementor-spacer-inner\"><\/div>\n\t\t<\/div>\n\t\t\t\t\t\t<\/div>\n\t\t\t\t<\/div>\n\t\t\t\t\t<\/div>\n\t\t<\/div>\n\t\t\t\t\t<\/div>\n\t\t<\/section>\n\t\t\t\t<\/div>\n\t\t","protected":false},"excerpt":{"rendered":"<p>Og\u0142oszenia 2023-11-24 arekmit ZAPYTANIE OFERTOWE Zakup i dostawa wyposa\u017cenia i us\u0142ug Zadanie realizowane w ramach Programu Inwestycyjnego \u201dInwestycje w o\u015bwiacie\u2019 ZAPYTANIE OFERTOWE Czytaj Dalej<\/p>\n","protected":false},"author":2,"featured_media":0,"parent":1989,"menu_order":0,"comment_status":"closed","ping_status":"closed","template":"tpl-default-elementor.php","meta":{"footnotes":""},"class_list":["post-4279","page","type-page","status-publish","hentry"],"yoast_head":"<!-- This site is optimized with the Yoast SEO plugin v27.2 - https:\/\/yoast.com\/product\/yoast-seo-wordpress\/ -->\n<title>Og\u0142oszenia i informacje - Spo\u0142eczne Liceum Og\u00f3lnokszta\u0142c\u0105ce<\/title>\n<meta name=\"description\" content=\"Liceum Og\u00f3lnokszta\u0142c\u0105ce nale\u017c\u0105ce do Zespo\u0142u Szk\u00f3\u0142 Spo\u0142ecznych w Zgierzu Towarzystwa Przyjaci\u00f3\u0142 Zgierza - aktualne og\u0142oszenia i informacje.\" \/>\n<meta name=\"robots\" content=\"index, follow, max-snippet:-1, max-image-preview:large, max-video-preview:-1\" \/>\n<link rel=\"canonical\" href=\"https:\/\/zsstpz.pl\/liceum\/o-szkole\/ogloszenia-i-informacje\/\" \/>\n<meta property=\"og:locale\" content=\"pl_PL\" \/>\n<meta property=\"og:type\" content=\"article\" \/>\n<meta property=\"og:title\" content=\"Og\u0142oszenia i informacje - Spo\u0142eczne Liceum Og\u00f3lnokszta\u0142c\u0105ce\" \/>\n<meta property=\"og:description\" content=\"Liceum Og\u00f3lnokszta\u0142c\u0105ce nale\u017c\u0105ce do Zespo\u0142u Szk\u00f3\u0142 Spo\u0142ecznych w Zgierzu Towarzystwa Przyjaci\u00f3\u0142 Zgierza - aktualne og\u0142oszenia i informacje.\" \/>\n<meta property=\"og:url\" content=\"https:\/\/zsstpz.pl\/liceum\/o-szkole\/ogloszenia-i-informacje\/\" \/>\n<meta property=\"og:site_name\" content=\"Spo\u0142eczne Liceum Og\u00f3lnokszta\u0142c\u0105ce\" \/>\n<meta property=\"article:modified_time\" content=\"2023-11-28T14:52:00+00:00\" \/>\n<meta property=\"og:image\" content=\"https:\/\/zsstpz.pl\/liceum\/wp-content\/uploads\/sites\/4\/2023\/11\/Ogloszenie-tyt-370x370.jpg\" \/>\n<meta name=\"twitter:card\" content=\"summary_large_image\" \/>\n<meta name=\"twitter:label1\" content=\"Szacowany czas czytania\" \/>\n\t<meta name=\"twitter:data1\" content=\"1 minuta\" \/>\n<script type=\"application\/ld+json\" class=\"yoast-schema-graph\">{\"@context\":\"https:\/\/schema.org\",\"@graph\":[{\"@type\":\"WebPage\",\"@id\":\"https:\/\/zsstpz.pl\/liceum\/o-szkole\/ogloszenia-i-informacje\/\",\"url\":\"https:\/\/zsstpz.pl\/liceum\/o-szkole\/ogloszenia-i-informacje\/\",\"name\":\"Og\u0142oszenia i informacje - Spo\u0142eczne Liceum Og\u00f3lnokszta\u0142c\u0105ce\",\"isPartOf\":{\"@id\":\"https:\/\/zsstpz.pl\/liceum\/#website\"},\"primaryImageOfPage\":{\"@id\":\"https:\/\/zsstpz.pl\/liceum\/o-szkole\/ogloszenia-i-informacje\/#primaryimage\"},\"image\":{\"@id\":\"https:\/\/zsstpz.pl\/liceum\/o-szkole\/ogloszenia-i-informacje\/#primaryimage\"},\"thumbnailUrl\":\"https:\/\/zsstpz.pl\/liceum\/wp-content\/uploads\/sites\/4\/2023\/11\/Ogloszenie-tyt-370x370.jpg\",\"datePublished\":\"2023-11-07T10:46:14+00:00\",\"dateModified\":\"2023-11-28T14:52:00+00:00\",\"description\":\"Liceum Og\u00f3lnokszta\u0142c\u0105ce nale\u017c\u0105ce do Zespo\u0142u Szk\u00f3\u0142 Spo\u0142ecznych w Zgierzu Towarzystwa Przyjaci\u00f3\u0142 Zgierza - aktualne og\u0142oszenia i informacje.\",\"breadcrumb\":{\"@id\":\"https:\/\/zsstpz.pl\/liceum\/o-szkole\/ogloszenia-i-informacje\/#breadcrumb\"},\"inLanguage\":\"pl-PL\",\"potentialAction\":[{\"@type\":\"ReadAction\",\"target\":[\"https:\/\/zsstpz.pl\/liceum\/o-szkole\/ogloszenia-i-informacje\/\"]}]},{\"@type\":\"ImageObject\",\"inLanguage\":\"pl-PL\",\"@id\":\"https:\/\/zsstpz.pl\/liceum\/o-szkole\/ogloszenia-i-informacje\/#primaryimage\",\"url\":\"https:\/\/zsstpz.pl\/liceum\/wp-content\/uploads\/sites\/4\/2023\/11\/Ogloszenie-tyt.jpg\",\"contentUrl\":\"https:\/\/zsstpz.pl\/liceum\/wp-content\/uploads\/sites\/4\/2023\/11\/Ogloszenie-tyt.jpg\",\"width\":800,\"height\":439},{\"@type\":\"BreadcrumbList\",\"@id\":\"https:\/\/zsstpz.pl\/liceum\/o-szkole\/ogloszenia-i-informacje\/#breadcrumb\",\"itemListElement\":[{\"@type\":\"ListItem\",\"position\":1,\"name\":\"Strona g\u0142\u00f3wna\",\"item\":\"https:\/\/zsstpz.pl\/liceum\/\"},{\"@type\":\"ListItem\",\"position\":2,\"name\":\"O szkole\",\"item\":\"https:\/\/zsstpz.pl\/liceum\/\"},{\"@type\":\"ListItem\",\"position\":3,\"name\":\"Og\u0142oszenia i informacje\"}]},{\"@type\":\"WebSite\",\"@id\":\"https:\/\/zsstpz.pl\/liceum\/#website\",\"url\":\"https:\/\/zsstpz.pl\/liceum\/\",\"name\":\"Spo\u0142eczne Liceum Og\u00f3lnokszta\u0142c\u0105ce\",\"description\":\"TPZ\",\"potentialAction\":[{\"@type\":\"SearchAction\",\"target\":{\"@type\":\"EntryPoint\",\"urlTemplate\":\"https:\/\/zsstpz.pl\/liceum\/?s={search_term_string}\"},\"query-input\":{\"@type\":\"PropertyValueSpecification\",\"valueRequired\":true,\"valueName\":\"search_term_string\"}}],\"inLanguage\":\"pl-PL\"}]}<\/script>\n<!-- \/ Yoast SEO plugin. -->","yoast_head_json":{"title":"Og\u0142oszenia i informacje - Spo\u0142eczne Liceum Og\u00f3lnokszta\u0142c\u0105ce","description":"Liceum Og\u00f3lnokszta\u0142c\u0105ce nale\u017c\u0105ce do Zespo\u0142u Szk\u00f3\u0142 Spo\u0142ecznych w Zgierzu Towarzystwa Przyjaci\u00f3\u0142 Zgierza - aktualne og\u0142oszenia i informacje.","robots":{"index":"index","follow":"follow","max-snippet":"max-snippet:-1","max-image-preview":"max-image-preview:large","max-video-preview":"max-video-preview:-1"},"canonical":"https:\/\/zsstpz.pl\/liceum\/o-szkole\/ogloszenia-i-informacje\/","og_locale":"pl_PL","og_type":"article","og_title":"Og\u0142oszenia i informacje - Spo\u0142eczne Liceum Og\u00f3lnokszta\u0142c\u0105ce","og_description":"Liceum Og\u00f3lnokszta\u0142c\u0105ce nale\u017c\u0105ce do Zespo\u0142u Szk\u00f3\u0142 Spo\u0142ecznych w Zgierzu Towarzystwa Przyjaci\u00f3\u0142 Zgierza - aktualne og\u0142oszenia i informacje.","og_url":"https:\/\/zsstpz.pl\/liceum\/o-szkole\/ogloszenia-i-informacje\/","og_site_name":"Spo\u0142eczne Liceum Og\u00f3lnokszta\u0142c\u0105ce","article_modified_time":"2023-11-28T14:52:00+00:00","og_image":[{"url":"https:\/\/zsstpz.pl\/liceum\/wp-content\/uploads\/sites\/4\/2023\/11\/Ogloszenie-tyt-370x370.jpg","type":"","width":"","height":""}],"twitter_card":"summary_large_image","twitter_misc":{"Szacowany czas czytania":"1 minuta"},"schema":{"@context":"https:\/\/schema.org","@graph":[{"@type":"WebPage","@id":"https:\/\/zsstpz.pl\/liceum\/o-szkole\/ogloszenia-i-informacje\/","url":"https:\/\/zsstpz.pl\/liceum\/o-szkole\/ogloszenia-i-informacje\/","name":"Og\u0142oszenia i informacje - Spo\u0142eczne Liceum Og\u00f3lnokszta\u0142c\u0105ce","isPartOf":{"@id":"https:\/\/zsstpz.pl\/liceum\/#website"},"primaryImageOfPage":{"@id":"https:\/\/zsstpz.pl\/liceum\/o-szkole\/ogloszenia-i-informacje\/#primaryimage"},"image":{"@id":"https:\/\/zsstpz.pl\/liceum\/o-szkole\/ogloszenia-i-informacje\/#primaryimage"},"thumbnailUrl":"https:\/\/zsstpz.pl\/liceum\/wp-content\/uploads\/sites\/4\/2023\/11\/Ogloszenie-tyt-370x370.jpg","datePublished":"2023-11-07T10:46:14+00:00","dateModified":"2023-11-28T14:52:00+00:00","description":"Liceum Og\u00f3lnokszta\u0142c\u0105ce nale\u017c\u0105ce do Zespo\u0142u Szk\u00f3\u0142 Spo\u0142ecznych w Zgierzu Towarzystwa Przyjaci\u00f3\u0142 Zgierza - aktualne og\u0142oszenia i informacje.","breadcrumb":{"@id":"https:\/\/zsstpz.pl\/liceum\/o-szkole\/ogloszenia-i-informacje\/#breadcrumb"},"inLanguage":"pl-PL","potentialAction":[{"@type":"ReadAction","target":["https:\/\/zsstpz.pl\/liceum\/o-szkole\/ogloszenia-i-informacje\/"]}]},{"@type":"ImageObject","inLanguage":"pl-PL","@id":"https:\/\/zsstpz.pl\/liceum\/o-szkole\/ogloszenia-i-informacje\/#primaryimage","url":"https:\/\/zsstpz.pl\/liceum\/wp-content\/uploads\/sites\/4\/2023\/11\/Ogloszenie-tyt.jpg","contentUrl":"https:\/\/zsstpz.pl\/liceum\/wp-content\/uploads\/sites\/4\/2023\/11\/Ogloszenie-tyt.jpg","width":800,"height":439},{"@type":"BreadcrumbList","@id":"https:\/\/zsstpz.pl\/liceum\/o-szkole\/ogloszenia-i-informacje\/#breadcrumb","itemListElement":[{"@type":"ListItem","position":1,"name":"Strona g\u0142\u00f3wna","item":"https:\/\/zsstpz.pl\/liceum\/"},{"@type":"ListItem","position":2,"name":"O szkole","item":"https:\/\/zsstpz.pl\/liceum\/"},{"@type":"ListItem","position":3,"name":"Og\u0142oszenia i informacje"}]},{"@type":"WebSite","@id":"https:\/\/zsstpz.pl\/liceum\/#website","url":"https:\/\/zsstpz.pl\/liceum\/","name":"Spo\u0142eczne Liceum Og\u00f3lnokszta\u0142c\u0105ce","description":"TPZ","potentialAction":[{"@type":"SearchAction","target":{"@type":"EntryPoint","urlTemplate":"https:\/\/zsstpz.pl\/liceum\/?s={search_term_string}"},"query-input":{"@type":"PropertyValueSpecification","valueRequired":true,"valueName":"search_term_string"}}],"inLanguage":"pl-PL"}]}},"_links":{"self":[{"href":"https:\/\/zsstpz.pl\/liceum\/wp-json\/wp\/v2\/pages\/4279","targetHints":{"allow":["GET"]}}],"collection":[{"href":"https:\/\/zsstpz.pl\/liceum\/wp-json\/wp\/v2\/pages"}],"about":[{"href":"https:\/\/zsstpz.pl\/liceum\/wp-json\/wp\/v2\/types\/page"}],"author":[{"embeddable":true,"href":"https:\/\/zsstpz.pl\/liceum\/wp-json\/wp\/v2\/users\/2"}],"replies":[{"embeddable":true,"href":"https:\/\/zsstpz.pl\/liceum\/wp-json\/wp\/v2\/comments?post=4279"}],"version-history":[{"count":13,"href":"https:\/\/zsstpz.pl\/liceum\/wp-json\/wp\/v2\/pages\/4279\/revisions"}],"predecessor-version":[{"id":4331,"href":"https:\/\/zsstpz.pl\/liceum\/wp-json\/wp\/v2\/pages\/4279\/revisions\/4331"}],"up":[{"embeddable":true,"href":"https:\/\/zsstpz.pl\/liceum\/wp-json\/wp\/v2\/pages\/1989"}],"wp:attachment":[{"href":"https:\/\/zsstpz.pl\/liceum\/wp-json\/wp\/v2\/media?parent=4279"}],"curies":[{"name":"wp","href":"https:\/\/api.w.org\/{rel}","templated":true}]}}