{"id":6258,"date":"2023-07-21T17:57:50","date_gmt":"2023-07-21T15:57:50","guid":{"rendered":"https:\/\/zsstpz.pl\/podstawowka\/?page_id=6258"},"modified":"2025-02-28T12:14:07","modified_gmt":"2025-02-28T11:14:07","slug":"rada-rodzicow","status":"publish","type":"page","link":"https:\/\/zsstpz.pl\/podstawowka\/dla-rodzicow\/rada-rodzicow\/","title":{"rendered":"Rada Rodzic\u00f3w"},"content":{"rendered":"\t\t<div data-elementor-type=\"wp-page\" data-elementor-id=\"6258\" class=\"elementor elementor-6258\">\n\t\t\t\t\t\t<section class=\"elementor-section elementor-top-section elementor-element elementor-element-6e9986f2 elementor-section-stretched elementor-section-content-middle elementor-section-boxed elementor-section-height-default elementor-section-height-default\" data-id=\"6e9986f2\" data-element_type=\"section\" data-e-type=\"section\" data-settings=\"{&quot;stretch_section&quot;:&quot;section-stretched&quot;,&quot;background_background&quot;:&quot;classic&quot;}\">\n\t\t\t\t\t\t\t<div class=\"elementor-background-overlay\"><\/div>\n\t\t\t\t\t\t\t<div class=\"elementor-container elementor-column-gap-default\">\n\t\t\t\t\t<div class=\"elementor-column elementor-col-100 elementor-top-column elementor-element elementor-element-5a13fe70\" data-id=\"5a13fe70\" data-element_type=\"column\" data-e-type=\"column\">\n\t\t\t<div class=\"elementor-widget-wrap elementor-element-populated\">\n\t\t\t\t\t\t<div class=\"elementor-element elementor-element-1d4d84b elementor-widget elementor-widget-heading\" data-id=\"1d4d84b\" data-element_type=\"widget\" data-e-type=\"widget\" data-widget_type=\"heading.default\">\n\t\t\t\t<div class=\"elementor-widget-container\">\n\t\t\t\t\t<h1 class=\"elementor-heading-title elementor-size-default\">Rada Rodzic\u00f3w<\/h1>\t\t\t\t<\/div>\n\t\t\t\t<\/div>\n\t\t\t\t\t<\/div>\n\t\t<\/div>\n\t\t\t\t\t<\/div>\n\t\t<\/section>\n\t\t\t\t<section class=\"elementor-section elementor-top-section elementor-element elementor-element-2b1536ed elementor-section-stretched elementor-section-boxed elementor-section-height-default elementor-section-height-default\" data-id=\"2b1536ed\" data-element_type=\"section\" data-e-type=\"section\" data-settings=\"{&quot;stretch_section&quot;:&quot;section-stretched&quot;,&quot;background_background&quot;:&quot;classic&quot;}\">\n\t\t\t\t\t\t<div class=\"elementor-container elementor-column-gap-default\">\n\t\t\t\t\t<div class=\"elementor-column elementor-col-100 elementor-top-column elementor-element elementor-element-4c21639\" data-id=\"4c21639\" data-element_type=\"column\" data-e-type=\"column\">\n\t\t\t<div class=\"elementor-widget-wrap\">\n\t\t\t\t\t\t\t<\/div>\n\t\t<\/div>\n\t\t\t\t\t<\/div>\n\t\t<\/section>\n\t\t\t\t<section class=\"elementor-section elementor-top-section elementor-element elementor-element-c971f82 elementor-section-stretched elementor-section-boxed elementor-section-height-default elementor-section-height-default\" data-id=\"c971f82\" data-element_type=\"section\" data-e-type=\"section\" data-settings=\"{&quot;stretch_section&quot;:&quot;section-stretched&quot;,&quot;background_background&quot;:&quot;classic&quot;}\">\n\t\t\t\t\t\t\t<div class=\"elementor-background-overlay\"><\/div>\n\t\t\t\t\t\t\t<div class=\"elementor-container elementor-column-gap-default\">\n\t\t\t\t\t<div class=\"elementor-column elementor-col-100 elementor-top-column elementor-element elementor-element-e1f5acc elementor-invisible\" data-id=\"e1f5acc\" data-element_type=\"column\" data-e-type=\"column\" data-settings=\"{&quot;background_background&quot;:&quot;classic&quot;,&quot;animation&quot;:&quot;fadeInUp&quot;}\">\n\t\t\t<div class=\"elementor-widget-wrap elementor-element-populated\">\n\t\t\t\t\t\t<div class=\"elementor-element elementor-element-c3a6986 elementor-widget elementor-widget-heading\" data-id=\"c3a6986\" data-element_type=\"widget\" data-e-type=\"widget\" data-widget_type=\"heading.default\">\n\t\t\t\t<div class=\"elementor-widget-container\">\n\t\t\t\t\t<h1 class=\"elementor-heading-title elementor-size-default\">Rodzice<\/h1>\t\t\t\t<\/div>\n\t\t\t\t<\/div>\n\t\t\t\t<div class=\"elementor-element elementor-element-cd3637d elementor-widget elementor-widget-heading\" data-id=\"cd3637d\" data-element_type=\"widget\" data-e-type=\"widget\" data-widget_type=\"heading.default\">\n\t\t\t\t<div class=\"elementor-widget-container\">\n\t\t\t\t\t<h2 class=\"elementor-heading-title elementor-size-default\">Rada Rodzic\u00f3w I Spo\u0142ecznej Szko\u0142y Podstawowej\nw roku szkolnym 2024\/2025<\/h2>\t\t\t\t<\/div>\n\t\t\t\t<\/div>\n\t\t<div class=\"elementor-element elementor-element-81f3a0a e-con-full e-flex e-con e-parent\" data-id=\"81f3a0a\" data-element_type=\"container\" data-e-type=\"container\">\n\t\t\t\t<div class=\"elementor-element elementor-element-d9fa68f elementor-widget__width-initial elementor-widget-tablet__width-inherit elementor-widget elementor-widget-list\" data-id=\"d9fa68f\" data-element_type=\"widget\" data-e-type=\"widget\" data-widget_type=\"list.default\">\n\t\t\t\t<div class=\"elementor-widget-container\">\n\t\t\t\t\t\n<div class=\"nd_elements_section nd_elements_list_component\">\n\n\t<div class=\"nd_elements_section nd_elements_position_relative\">\n\n\t\t<img decoding=\"async\" class=\"nd_elements_position_absolute nd_elements_position_initial_iphone nd_elements_top_0 nd_elements_left_0 nd_elements_list_component_image\" src=\"https:\/\/zsstpz.pl\/podstawowka\/wp-content\/uploads\/sites\/3\/2021\/09\/img-24.png\">\n\n\t\t<div class=\"nd_elements_section nd_elements_list_component_content nd_elements_padding_0_iphone_important\">\n\n\t\t\t\n\t<div class=\"nd_elements_float_left nd_elements_width_100_percentage_iphone_important\" style=\"width:80%\">\n\t\t<h4><span class=\"nd_elements_list_component_title\">Sylwia Krzewina<\/span><\/h4>\n\t<\/div>\n\t\n\t\t\t\n\t<div class=\"nd_elements_float_left nd_elements_width_100_percentage_iphone_important nd_elements_text_align_right nd_elements_text_align_left_iphone\" style=\"width:20%\">\n\t\t<p class=\"nd_elements_list_component_label\">Klasa IV<\/p>\n\t<\/div>\n\t\n\n\t\t\t<div style=\"height:10px\" class=\"nd_elements_section\"><\/div>\n\n\t\t\t\n\t<div class=\"nd_elements_float_left nd_elements_width_100_percentage_iphone_important\" style=\"width:80%\">\n\t\t<p class=\"nd_elements_list_component_description\">Wiceprzewodnicz\u0105cy<\/p>\n\t<\/div>\n\t\n\t\t\t\n\t\t\t\n\t\t<\/div>\n\n\t<\/div>\n\n<\/div>\t\t\t\t<\/div>\n\t\t\t\t<\/div>\n\t\t\t\t<div class=\"elementor-element elementor-element-e794990 elementor-widget__width-initial elementor-widget-tablet__width-inherit elementor-widget elementor-widget-list\" data-id=\"e794990\" data-element_type=\"widget\" data-e-type=\"widget\" data-widget_type=\"list.default\">\n\t\t\t\t<div class=\"elementor-widget-container\">\n\t\t\t\t\t\n<div class=\"nd_elements_section nd_elements_list_component\">\n\n\t<div class=\"nd_elements_section nd_elements_position_relative\">\n\n\t\t<img decoding=\"async\" class=\"nd_elements_position_absolute nd_elements_position_initial_iphone nd_elements_top_0 nd_elements_left_0 nd_elements_list_component_image\" src=\"https:\/\/zsstpz.pl\/podstawowka\/wp-content\/uploads\/sites\/3\/2021\/09\/img-24.png\">\n\n\t\t<div class=\"nd_elements_section nd_elements_list_component_content nd_elements_padding_0_iphone_important\">\n\n\t\t\t\n\t<div class=\"nd_elements_float_left nd_elements_width_100_percentage_iphone_important\" style=\"width:80%\">\n\t\t<h4><span class=\"nd_elements_list_component_title\">Dariusz \u015alaski<\/span><\/h4>\n\t<\/div>\n\t\n\t\t\t\n\t<div class=\"nd_elements_float_left nd_elements_width_100_percentage_iphone_important nd_elements_text_align_right nd_elements_text_align_left_iphone\" style=\"width:20%\">\n\t\t<p class=\"nd_elements_list_component_label\">Klasa I<\/p>\n\t<\/div>\n\t\n\n\t\t\t<div style=\"height:10px\" class=\"nd_elements_section\"><\/div>\n\n\t\t\t\n\t\t\t\n\t\t\t\n\t\t<\/div>\n\n\t<\/div>\n\n<\/div>\t\t\t\t<\/div>\n\t\t\t\t<\/div>\n\t\t\t\t<div class=\"elementor-element elementor-element-b219ad0 elementor-widget__width-initial elementor-widget-tablet__width-inherit elementor-widget elementor-widget-list\" data-id=\"b219ad0\" data-element_type=\"widget\" data-e-type=\"widget\" data-widget_type=\"list.default\">\n\t\t\t\t<div class=\"elementor-widget-container\">\n\t\t\t\t\t\n<div class=\"nd_elements_section nd_elements_list_component\">\n\n\t<div class=\"nd_elements_section nd_elements_position_relative\">\n\n\t\t<img decoding=\"async\" class=\"nd_elements_position_absolute nd_elements_position_initial_iphone nd_elements_top_0 nd_elements_left_0 nd_elements_list_component_image\" src=\"https:\/\/zsstpz.pl\/podstawowka\/wp-content\/uploads\/sites\/3\/2021\/09\/img-24.png\">\n\n\t\t<div class=\"nd_elements_section nd_elements_list_component_content nd_elements_padding_0_iphone_important\">\n\n\t\t\t\n\t<div class=\"nd_elements_float_left nd_elements_width_100_percentage_iphone_important\" style=\"width:80%\">\n\t\t<h4><span class=\"nd_elements_list_component_title\">Martyna Sterczewska<\/span><\/h4>\n\t<\/div>\n\t\n\t\t\t\n\t<div class=\"nd_elements_float_left nd_elements_width_100_percentage_iphone_important nd_elements_text_align_right nd_elements_text_align_left_iphone\" style=\"width:20%\">\n\t\t<p class=\"nd_elements_list_component_label\">klasa II<\/p>\n\t<\/div>\n\t\n\n\t\t\t<div style=\"height:10px\" class=\"nd_elements_section\"><\/div>\n\n\t\t\t\n\t\t\t\n\t\t\t\n\t\t<\/div>\n\n\t<\/div>\n\n<\/div>\t\t\t\t<\/div>\n\t\t\t\t<\/div>\n\t\t\t\t<div class=\"elementor-element elementor-element-aed1a0b elementor-widget__width-initial elementor-widget-tablet__width-inherit elementor-widget elementor-widget-list\" data-id=\"aed1a0b\" data-element_type=\"widget\" data-e-type=\"widget\" data-widget_type=\"list.default\">\n\t\t\t\t<div class=\"elementor-widget-container\">\n\t\t\t\t\t\n<div class=\"nd_elements_section nd_elements_list_component\">\n\n\t<div class=\"nd_elements_section nd_elements_position_relative\">\n\n\t\t<img decoding=\"async\" class=\"nd_elements_position_absolute nd_elements_position_initial_iphone nd_elements_top_0 nd_elements_left_0 nd_elements_list_component_image\" src=\"https:\/\/zsstpz.pl\/podstawowka\/wp-content\/uploads\/sites\/3\/2021\/09\/img-24.png\">\n\n\t\t<div class=\"nd_elements_section nd_elements_list_component_content nd_elements_padding_0_iphone_important\">\n\n\t\t\t\n\t<div class=\"nd_elements_float_left nd_elements_width_100_percentage_iphone_important\" style=\"width:80%\">\n\t\t<h4><span class=\"nd_elements_list_component_title\">Sylwia Dudek<\/span><\/h4>\n\t<\/div>\n\t\n\t\t\t\n\t<div class=\"nd_elements_float_left nd_elements_width_100_percentage_iphone_important nd_elements_text_align_right nd_elements_text_align_left_iphone\" style=\"width:20%\">\n\t\t<p class=\"nd_elements_list_component_label\">klasa III<\/p>\n\t<\/div>\n\t\n\n\t\t\t<div style=\"height:10px\" class=\"nd_elements_section\"><\/div>\n\n\t\t\t\n\t\t\t\n\t\t\t\n\t\t<\/div>\n\n\t<\/div>\n\n<\/div>\t\t\t\t<\/div>\n\t\t\t\t<\/div>\n\t\t\t\t<div class=\"elementor-element elementor-element-e8c79c2 elementor-widget__width-initial elementor-widget-tablet__width-inherit elementor-widget elementor-widget-list\" data-id=\"e8c79c2\" data-element_type=\"widget\" data-e-type=\"widget\" data-widget_type=\"list.default\">\n\t\t\t\t<div class=\"elementor-widget-container\">\n\t\t\t\t\t\n<div class=\"nd_elements_section nd_elements_list_component\">\n\n\t<div class=\"nd_elements_section nd_elements_position_relative\">\n\n\t\t<img decoding=\"async\" class=\"nd_elements_position_absolute nd_elements_position_initial_iphone nd_elements_top_0 nd_elements_left_0 nd_elements_list_component_image\" src=\"https:\/\/zsstpz.pl\/podstawowka\/wp-content\/uploads\/sites\/3\/2021\/09\/img-24.png\">\n\n\t\t<div class=\"nd_elements_section nd_elements_list_component_content nd_elements_padding_0_iphone_important\">\n\n\t\t\t\n\t<div class=\"nd_elements_float_left nd_elements_width_100_percentage_iphone_important\" style=\"width:80%\">\n\t\t<h4><span class=\"nd_elements_list_component_title\">Przemys\u0142aw Kup\u015b<\/span><\/h4>\n\t<\/div>\n\t\n\t\t\t\n\t<div class=\"nd_elements_float_left nd_elements_width_100_percentage_iphone_important nd_elements_text_align_right nd_elements_text_align_left_iphone\" style=\"width:20%\">\n\t\t<p class=\"nd_elements_list_component_label\">klasa VI<\/p>\n\t<\/div>\n\t\n\n\t\t\t<div style=\"height:10px\" class=\"nd_elements_section\"><\/div>\n\n\t\t\t\n\t\t\t\n\t\t\t\n\t\t<\/div>\n\n\t<\/div>\n\n<\/div>\t\t\t\t<\/div>\n\t\t\t\t<\/div>\n\t\t\t\t<div class=\"elementor-element elementor-element-f63663a elementor-widget__width-initial elementor-widget-tablet__width-inherit elementor-widget elementor-widget-list\" data-id=\"f63663a\" data-element_type=\"widget\" data-e-type=\"widget\" data-widget_type=\"list.default\">\n\t\t\t\t<div class=\"elementor-widget-container\">\n\t\t\t\t\t\n<div class=\"nd_elements_section nd_elements_list_component\">\n\n\t<div class=\"nd_elements_section nd_elements_position_relative\">\n\n\t\t<img decoding=\"async\" class=\"nd_elements_position_absolute nd_elements_position_initial_iphone nd_elements_top_0 nd_elements_left_0 nd_elements_list_component_image\" src=\"https:\/\/zsstpz.pl\/podstawowka\/wp-content\/uploads\/sites\/3\/2021\/09\/img-24.png\">\n\n\t\t<div class=\"nd_elements_section nd_elements_list_component_content nd_elements_padding_0_iphone_important\">\n\n\t\t\t\n\t<div class=\"nd_elements_float_left nd_elements_width_100_percentage_iphone_important\" style=\"width:80%\">\n\t\t<h4><span class=\"nd_elements_list_component_title\">Jacek Majchrzak<\/span><\/h4>\n\t<\/div>\n\t\n\t\t\t\n\t<div class=\"nd_elements_float_left nd_elements_width_100_percentage_iphone_important nd_elements_text_align_right nd_elements_text_align_left_iphone\" style=\"width:20%\">\n\t\t<p class=\"nd_elements_list_component_label\">klasa VIII<\/p>\n\t<\/div>\n\t\n\n\t\t\t<div style=\"height:10px\" class=\"nd_elements_section\"><\/div>\n\n\t\t\t\n\t\t\t\n\t\t\t\n\t\t<\/div>\n\n\t<\/div>\n\n<\/div>\t\t\t\t<\/div>\n\t\t\t\t<\/div>\n\t\t\t\t<\/div>\n\t\t\t\t\t<\/div>\n\t\t<\/div>\n\t\t\t\t\t<\/div>\n\t\t<\/section>\n\t\t\t\t<\/div>\n\t\t","protected":false},"excerpt":{"rendered":"<p>Rada Rodzic\u00f3w Rodzice Rada Rodzic\u00f3w I Spo\u0142ecznej Szko\u0142y Podstawowej w roku szkolnym 2024\/2025 Sylwia Krzewina Klasa IV Wiceprzewodnicz\u0105cy Dariusz \u015alaski Klasa I Martyna Sterczewska klasa II Sylwia Dudek klasa III Przemys\u0142aw Kup\u015b klasa VI Jacek Majchrzak klasa VIII<\/p>\n","protected":false},"author":2,"featured_media":0,"parent":6614,"menu_order":0,"comment_status":"closed","ping_status":"closed","template":"","meta":{"footnotes":""},"class_list":["post-6258","page","type-page","status-publish","hentry"],"yoast_head":"<!-- This site is optimized with the Yoast SEO plugin v27.2 - https:\/\/yoast.com\/product\/yoast-seo-wordpress\/ -->\n<title>Rada Rodzic\u00f3w - I Spo\u0142eczna Szko\u0142a Podstawowa<\/title>\n<meta name=\"description\" content=\"Szko\u0142a Podstawowa nale\u017c\u0105ca do Zespo\u0142u Szk\u00f3\u0142 Spo\u0142ecznych w Zgierzu Towarzystwa Przyjaci\u00f3\u0142 Zgierza - sk\u0142ad rady rodzic\u00f3w.\" \/>\n<meta name=\"robots\" content=\"index, follow, max-snippet:-1, max-image-preview:large, max-video-preview:-1\" \/>\n<link rel=\"canonical\" href=\"https:\/\/zsstpz.pl\/podstawowka\/dla-rodzicow\/rada-rodzicow\/\" \/>\n<meta property=\"og:locale\" content=\"pl_PL\" \/>\n<meta property=\"og:type\" content=\"article\" \/>\n<meta property=\"og:title\" content=\"Rada Rodzic\u00f3w - I Spo\u0142eczna Szko\u0142a Podstawowa\" \/>\n<meta property=\"og:description\" content=\"Szko\u0142a Podstawowa nale\u017c\u0105ca do Zespo\u0142u Szk\u00f3\u0142 Spo\u0142ecznych w Zgierzu Towarzystwa Przyjaci\u00f3\u0142 Zgierza - sk\u0142ad rady rodzic\u00f3w.\" \/>\n<meta property=\"og:url\" content=\"https:\/\/zsstpz.pl\/podstawowka\/dla-rodzicow\/rada-rodzicow\/\" \/>\n<meta property=\"og:site_name\" content=\"I Spo\u0142eczna Szko\u0142a Podstawowa\" \/>\n<meta property=\"article:modified_time\" content=\"2025-02-28T11:14:07+00:00\" \/>\n<meta property=\"og:image\" content=\"https:\/\/zsstpz.pl\/podstawowka\/wp-content\/uploads\/sites\/3\/2021\/09\/img-24.png\" \/>\n<meta name=\"twitter:card\" content=\"summary_large_image\" \/>\n<meta name=\"twitter:label1\" content=\"Szacowany czas czytania\" \/>\n\t<meta name=\"twitter:data1\" content=\"2 minuty\" \/>\n<script type=\"application\/ld+json\" class=\"yoast-schema-graph\">{\"@context\":\"https:\/\/schema.org\",\"@graph\":[{\"@type\":\"WebPage\",\"@id\":\"https:\/\/zsstpz.pl\/podstawowka\/dla-rodzicow\/rada-rodzicow\/\",\"url\":\"https:\/\/zsstpz.pl\/podstawowka\/dla-rodzicow\/rada-rodzicow\/\",\"name\":\"Rada Rodzic\u00f3w - I Spo\u0142eczna Szko\u0142a Podstawowa\",\"isPartOf\":{\"@id\":\"https:\/\/zsstpz.pl\/podstawowka\/#website\"},\"primaryImageOfPage\":{\"@id\":\"https:\/\/zsstpz.pl\/podstawowka\/dla-rodzicow\/rada-rodzicow\/#primaryimage\"},\"image\":{\"@id\":\"https:\/\/zsstpz.pl\/podstawowka\/dla-rodzicow\/rada-rodzicow\/#primaryimage\"},\"thumbnailUrl\":\"https:\/\/zsstpz.pl\/podstawowka\/wp-content\/uploads\/sites\/3\/2021\/09\/img-24.png\",\"datePublished\":\"2023-07-21T15:57:50+00:00\",\"dateModified\":\"2025-02-28T11:14:07+00:00\",\"description\":\"Szko\u0142a Podstawowa nale\u017c\u0105ca do Zespo\u0142u Szk\u00f3\u0142 Spo\u0142ecznych w Zgierzu Towarzystwa Przyjaci\u00f3\u0142 Zgierza - sk\u0142ad rady rodzic\u00f3w.\",\"breadcrumb\":{\"@id\":\"https:\/\/zsstpz.pl\/podstawowka\/dla-rodzicow\/rada-rodzicow\/#breadcrumb\"},\"inLanguage\":\"pl-PL\",\"potentialAction\":[{\"@type\":\"ReadAction\",\"target\":[\"https:\/\/zsstpz.pl\/podstawowka\/dla-rodzicow\/rada-rodzicow\/\"]}]},{\"@type\":\"ImageObject\",\"inLanguage\":\"pl-PL\",\"@id\":\"https:\/\/zsstpz.pl\/podstawowka\/dla-rodzicow\/rada-rodzicow\/#primaryimage\",\"url\":\"https:\/\/zsstpz.pl\/podstawowka\/wp-content\/uploads\/sites\/3\/2021\/09\/img-24.png\",\"contentUrl\":\"https:\/\/zsstpz.pl\/podstawowka\/wp-content\/uploads\/sites\/3\/2021\/09\/img-24.png\",\"width\":190,\"height\":190},{\"@type\":\"BreadcrumbList\",\"@id\":\"https:\/\/zsstpz.pl\/podstawowka\/dla-rodzicow\/rada-rodzicow\/#breadcrumb\",\"itemListElement\":[{\"@type\":\"ListItem\",\"position\":1,\"name\":\"Strona g\u0142\u00f3wna\",\"item\":\"https:\/\/zsstpz.pl\/podstawowka\/\"},{\"@type\":\"ListItem\",\"position\":2,\"name\":\"Dla rodzic\u00f3w\",\"item\":\"https:\/\/zsstpz.pl\/podstawowka\/dla-rodzicow\/\"},{\"@type\":\"ListItem\",\"position\":3,\"name\":\"Rada Rodzic\u00f3w\"}]},{\"@type\":\"WebSite\",\"@id\":\"https:\/\/zsstpz.pl\/podstawowka\/#website\",\"url\":\"https:\/\/zsstpz.pl\/podstawowka\/\",\"name\":\"I Spo\u0142eczna Szko\u0142a Podstawowa\",\"description\":\"TPZ\",\"potentialAction\":[{\"@type\":\"SearchAction\",\"target\":{\"@type\":\"EntryPoint\",\"urlTemplate\":\"https:\/\/zsstpz.pl\/podstawowka\/?s={search_term_string}\"},\"query-input\":{\"@type\":\"PropertyValueSpecification\",\"valueRequired\":true,\"valueName\":\"search_term_string\"}}],\"inLanguage\":\"pl-PL\"}]}<\/script>\n<!-- \/ Yoast SEO plugin. -->","yoast_head_json":{"title":"Rada Rodzic\u00f3w - I Spo\u0142eczna Szko\u0142a Podstawowa","description":"Szko\u0142a Podstawowa nale\u017c\u0105ca do Zespo\u0142u Szk\u00f3\u0142 Spo\u0142ecznych w Zgierzu Towarzystwa Przyjaci\u00f3\u0142 Zgierza - sk\u0142ad rady rodzic\u00f3w.","robots":{"index":"index","follow":"follow","max-snippet":"max-snippet:-1","max-image-preview":"max-image-preview:large","max-video-preview":"max-video-preview:-1"},"canonical":"https:\/\/zsstpz.pl\/podstawowka\/dla-rodzicow\/rada-rodzicow\/","og_locale":"pl_PL","og_type":"article","og_title":"Rada Rodzic\u00f3w - I Spo\u0142eczna Szko\u0142a Podstawowa","og_description":"Szko\u0142a Podstawowa nale\u017c\u0105ca do Zespo\u0142u Szk\u00f3\u0142 Spo\u0142ecznych w Zgierzu Towarzystwa Przyjaci\u00f3\u0142 Zgierza - sk\u0142ad rady rodzic\u00f3w.","og_url":"https:\/\/zsstpz.pl\/podstawowka\/dla-rodzicow\/rada-rodzicow\/","og_site_name":"I Spo\u0142eczna Szko\u0142a Podstawowa","article_modified_time":"2025-02-28T11:14:07+00:00","og_image":[{"url":"https:\/\/zsstpz.pl\/podstawowka\/wp-content\/uploads\/sites\/3\/2021\/09\/img-24.png","type":"","width":"","height":""}],"twitter_card":"summary_large_image","twitter_misc":{"Szacowany czas czytania":"2 minuty"},"schema":{"@context":"https:\/\/schema.org","@graph":[{"@type":"WebPage","@id":"https:\/\/zsstpz.pl\/podstawowka\/dla-rodzicow\/rada-rodzicow\/","url":"https:\/\/zsstpz.pl\/podstawowka\/dla-rodzicow\/rada-rodzicow\/","name":"Rada Rodzic\u00f3w - I Spo\u0142eczna Szko\u0142a Podstawowa","isPartOf":{"@id":"https:\/\/zsstpz.pl\/podstawowka\/#website"},"primaryImageOfPage":{"@id":"https:\/\/zsstpz.pl\/podstawowka\/dla-rodzicow\/rada-rodzicow\/#primaryimage"},"image":{"@id":"https:\/\/zsstpz.pl\/podstawowka\/dla-rodzicow\/rada-rodzicow\/#primaryimage"},"thumbnailUrl":"https:\/\/zsstpz.pl\/podstawowka\/wp-content\/uploads\/sites\/3\/2021\/09\/img-24.png","datePublished":"2023-07-21T15:57:50+00:00","dateModified":"2025-02-28T11:14:07+00:00","description":"Szko\u0142a Podstawowa nale\u017c\u0105ca do Zespo\u0142u Szk\u00f3\u0142 Spo\u0142ecznych w Zgierzu Towarzystwa Przyjaci\u00f3\u0142 Zgierza - sk\u0142ad rady rodzic\u00f3w.","breadcrumb":{"@id":"https:\/\/zsstpz.pl\/podstawowka\/dla-rodzicow\/rada-rodzicow\/#breadcrumb"},"inLanguage":"pl-PL","potentialAction":[{"@type":"ReadAction","target":["https:\/\/zsstpz.pl\/podstawowka\/dla-rodzicow\/rada-rodzicow\/"]}]},{"@type":"ImageObject","inLanguage":"pl-PL","@id":"https:\/\/zsstpz.pl\/podstawowka\/dla-rodzicow\/rada-rodzicow\/#primaryimage","url":"https:\/\/zsstpz.pl\/podstawowka\/wp-content\/uploads\/sites\/3\/2021\/09\/img-24.png","contentUrl":"https:\/\/zsstpz.pl\/podstawowka\/wp-content\/uploads\/sites\/3\/2021\/09\/img-24.png","width":190,"height":190},{"@type":"BreadcrumbList","@id":"https:\/\/zsstpz.pl\/podstawowka\/dla-rodzicow\/rada-rodzicow\/#breadcrumb","itemListElement":[{"@type":"ListItem","position":1,"name":"Strona g\u0142\u00f3wna","item":"https:\/\/zsstpz.pl\/podstawowka\/"},{"@type":"ListItem","position":2,"name":"Dla rodzic\u00f3w","item":"https:\/\/zsstpz.pl\/podstawowka\/dla-rodzicow\/"},{"@type":"ListItem","position":3,"name":"Rada Rodzic\u00f3w"}]},{"@type":"WebSite","@id":"https:\/\/zsstpz.pl\/podstawowka\/#website","url":"https:\/\/zsstpz.pl\/podstawowka\/","name":"I Spo\u0142eczna Szko\u0142a Podstawowa","description":"TPZ","potentialAction":[{"@type":"SearchAction","target":{"@type":"EntryPoint","urlTemplate":"https:\/\/zsstpz.pl\/podstawowka\/?s={search_term_string}"},"query-input":{"@type":"PropertyValueSpecification","valueRequired":true,"valueName":"search_term_string"}}],"inLanguage":"pl-PL"}]}},"_links":{"self":[{"href":"https:\/\/zsstpz.pl\/podstawowka\/wp-json\/wp\/v2\/pages\/6258","targetHints":{"allow":["GET"]}}],"collection":[{"href":"https:\/\/zsstpz.pl\/podstawowka\/wp-json\/wp\/v2\/pages"}],"about":[{"href":"https:\/\/zsstpz.pl\/podstawowka\/wp-json\/wp\/v2\/types\/page"}],"author":[{"embeddable":true,"href":"https:\/\/zsstpz.pl\/podstawowka\/wp-json\/wp\/v2\/users\/2"}],"replies":[{"embeddable":true,"href":"https:\/\/zsstpz.pl\/podstawowka\/wp-json\/wp\/v2\/comments?post=6258"}],"version-history":[{"count":48,"href":"https:\/\/zsstpz.pl\/podstawowka\/wp-json\/wp\/v2\/pages\/6258\/revisions"}],"predecessor-version":[{"id":8924,"href":"https:\/\/zsstpz.pl\/podstawowka\/wp-json\/wp\/v2\/pages\/6258\/revisions\/8924"}],"up":[{"embeddable":true,"href":"https:\/\/zsstpz.pl\/podstawowka\/wp-json\/wp\/v2\/pages\/6614"}],"wp:attachment":[{"href":"https:\/\/zsstpz.pl\/podstawowka\/wp-json\/wp\/v2\/media?parent=6258"}],"curies":[{"name":"wp","href":"https:\/\/api.w.org\/{rel}","templated":true}]}}