{"id":6350,"date":"2023-07-24T12:28:23","date_gmt":"2023-07-24T10:28:23","guid":{"rendered":"https:\/\/zsstpz.pl\/podstawowka\/?page_id=6350"},"modified":"2024-10-07T13:35:08","modified_gmt":"2024-10-07T11:35:08","slug":"samorzad-uczniowski","status":"publish","type":"page","link":"https:\/\/zsstpz.pl\/podstawowka\/dla-uczniow\/samorzad-uczniowski\/","title":{"rendered":"Samorz\u0105d Uczniowski"},"content":{"rendered":"\t\t<div data-elementor-type=\"wp-page\" data-elementor-id=\"6350\" class=\"elementor elementor-6350\">\n\t\t\t\t\t\t<section class=\"elementor-section elementor-top-section elementor-element elementor-element-2603b04 elementor-section-stretched elementor-section-content-middle elementor-section-boxed elementor-section-height-default elementor-section-height-default\" data-id=\"2603b04\" data-element_type=\"section\" data-e-type=\"section\" data-settings=\"{&quot;stretch_section&quot;:&quot;section-stretched&quot;,&quot;background_background&quot;:&quot;classic&quot;}\">\n\t\t\t\t\t\t\t<div class=\"elementor-background-overlay\"><\/div>\n\t\t\t\t\t\t\t<div class=\"elementor-container elementor-column-gap-default\">\n\t\t\t\t\t<div class=\"elementor-column elementor-col-100 elementor-top-column elementor-element elementor-element-1179e44\" data-id=\"1179e44\" data-element_type=\"column\" data-e-type=\"column\">\n\t\t\t<div class=\"elementor-widget-wrap elementor-element-populated\">\n\t\t\t\t\t\t<div class=\"elementor-element elementor-element-240ddff elementor-widget elementor-widget-heading\" data-id=\"240ddff\" data-element_type=\"widget\" data-e-type=\"widget\" data-widget_type=\"heading.default\">\n\t\t\t\t<div class=\"elementor-widget-container\">\n\t\t\t\t\t<h1 class=\"elementor-heading-title elementor-size-default\">Samorz\u0105d Uczniowski<\/h1>\t\t\t\t<\/div>\n\t\t\t\t<\/div>\n\t\t\t\t\t<\/div>\n\t\t<\/div>\n\t\t\t\t\t<\/div>\n\t\t<\/section>\n\t\t\t\t<section class=\"elementor-section elementor-top-section elementor-element elementor-element-2b1536ed elementor-section-stretched elementor-section-boxed elementor-section-height-default elementor-section-height-default\" data-id=\"2b1536ed\" data-element_type=\"section\" data-e-type=\"section\" data-settings=\"{&quot;stretch_section&quot;:&quot;section-stretched&quot;,&quot;background_background&quot;:&quot;classic&quot;}\">\n\t\t\t\t\t\t<div class=\"elementor-container elementor-column-gap-default\">\n\t\t\t\t\t<div class=\"elementor-column elementor-col-100 elementor-top-column elementor-element elementor-element-50c9f60\" data-id=\"50c9f60\" data-element_type=\"column\" data-e-type=\"column\">\n\t\t\t<div class=\"elementor-widget-wrap\">\n\t\t\t\t\t\t\t<\/div>\n\t\t<\/div>\n\t\t\t\t\t<\/div>\n\t\t<\/section>\n\t\t\t\t<section class=\"elementor-section elementor-top-section elementor-element elementor-element-c971f82 elementor-section-stretched elementor-section-boxed elementor-section-height-default elementor-section-height-default\" data-id=\"c971f82\" data-element_type=\"section\" data-e-type=\"section\" data-settings=\"{&quot;stretch_section&quot;:&quot;section-stretched&quot;,&quot;background_background&quot;:&quot;classic&quot;}\">\n\t\t\t\t\t\t\t<div class=\"elementor-background-overlay\"><\/div>\n\t\t\t\t\t\t\t<div class=\"elementor-container elementor-column-gap-default\">\n\t\t\t\t\t<div class=\"elementor-column elementor-col-100 elementor-top-column elementor-element elementor-element-e1f5acc elementor-invisible\" data-id=\"e1f5acc\" data-element_type=\"column\" data-e-type=\"column\" data-settings=\"{&quot;background_background&quot;:&quot;classic&quot;,&quot;animation&quot;:&quot;fadeInUp&quot;}\">\n\t\t\t<div class=\"elementor-widget-wrap elementor-element-populated\">\n\t\t\t\t\t\t<div class=\"elementor-element elementor-element-c3a6986 elementor-widget elementor-widget-heading\" data-id=\"c3a6986\" data-element_type=\"widget\" data-e-type=\"widget\" data-widget_type=\"heading.default\">\n\t\t\t\t<div class=\"elementor-widget-container\">\n\t\t\t\t\t<h1 class=\"elementor-heading-title elementor-size-default\">Uczniowie<\/h1>\t\t\t\t<\/div>\n\t\t\t\t<\/div>\n\t\t\t\t<div class=\"elementor-element elementor-element-cd3637d elementor-widget elementor-widget-heading\" data-id=\"cd3637d\" data-element_type=\"widget\" data-e-type=\"widget\" data-widget_type=\"heading.default\">\n\t\t\t\t<div class=\"elementor-widget-container\">\n\t\t\t\t\t<h2 class=\"elementor-heading-title elementor-size-default\">Samorz\u0105d Uczniowski I Spo\u0142ecznej Szko\u0142y Podstawowej <br>\nw roku szkolnym 2024\/2025<\/h2>\t\t\t\t<\/div>\n\t\t\t\t<\/div>\n\t\t\t\t<div class=\"elementor-element elementor-element-9658f3c elementor-widget__width-initial elementor-widget-tablet__width-inherit elementor-widget elementor-widget-list\" data-id=\"9658f3c\" data-element_type=\"widget\" data-e-type=\"widget\" data-widget_type=\"list.default\">\n\t\t\t\t<div class=\"elementor-widget-container\">\n\t\t\t\t\t\n<div class=\"nd_elements_section nd_elements_list_component\">\n\n\t<div class=\"nd_elements_section nd_elements_position_relative\">\n\n\t\t<img decoding=\"async\" class=\"nd_elements_position_absolute nd_elements_position_initial_iphone nd_elements_top_0 nd_elements_left_0 nd_elements_list_component_image\" src=\"https:\/\/zsstpz.pl\/podstawowka\/wp-content\/uploads\/sites\/3\/2021\/09\/img-24.png\">\n\n\t\t<div class=\"nd_elements_section nd_elements_list_component_content nd_elements_padding_0_iphone_important\">\n\n\t\t\t\n\t<div class=\"nd_elements_float_left nd_elements_width_100_percentage_iphone_important\" style=\"width:80%\">\n\t\t<h4><span class=\"nd_elements_list_component_title\">Nadia Znamierowska <\/span><\/h4>\n\t<\/div>\n\t\n\t\t\t\n\n\t\t\t<div style=\"height:10px\" class=\"nd_elements_section\"><\/div>\n\n\t\t\t\n\t<div class=\"nd_elements_float_left nd_elements_width_100_percentage_iphone_important\" style=\"width:80%\">\n\t\t<p class=\"nd_elements_list_component_description\">Przewodnicz\u0105ca<\/p>\n\t<\/div>\n\t\n\t\t\t\n\t\t\t\n\t\t<\/div>\n\n\t<\/div>\n\n<\/div>\t\t\t\t<\/div>\n\t\t\t\t<\/div>\n\t\t\t\t<div class=\"elementor-element elementor-element-6d1365e elementor-widget__width-initial elementor-widget-tablet__width-inherit elementor-widget elementor-widget-list\" data-id=\"6d1365e\" data-element_type=\"widget\" data-e-type=\"widget\" data-widget_type=\"list.default\">\n\t\t\t\t<div class=\"elementor-widget-container\">\n\t\t\t\t\t\n<div class=\"nd_elements_section nd_elements_list_component\">\n\n\t<div class=\"nd_elements_section nd_elements_position_relative\">\n\n\t\t<img decoding=\"async\" class=\"nd_elements_position_absolute nd_elements_position_initial_iphone nd_elements_top_0 nd_elements_left_0 nd_elements_list_component_image\" src=\"https:\/\/zsstpz.pl\/podstawowka\/wp-content\/uploads\/sites\/3\/2021\/09\/img-24.png\">\n\n\t\t<div class=\"nd_elements_section nd_elements_list_component_content nd_elements_padding_0_iphone_important\">\n\n\t\t\t\n\t<div class=\"nd_elements_float_left nd_elements_width_100_percentage_iphone_important\" style=\"width:80%\">\n\t\t<h4><span class=\"nd_elements_list_component_title\">Marcelina \u0141odej<\/span><\/h4>\n\t<\/div>\n\t\n\t\t\t\n\n\t\t\t<div style=\"height:10px\" class=\"nd_elements_section\"><\/div>\n\n\t\t\t\n\t<div class=\"nd_elements_float_left nd_elements_width_100_percentage_iphone_important\" style=\"width:80%\">\n\t\t<p class=\"nd_elements_list_component_description\">Skarbnik<\/p>\n\t<\/div>\n\t\n\t\t\t\n\t\t\t\n\t\t<\/div>\n\n\t<\/div>\n\n<\/div>\t\t\t\t<\/div>\n\t\t\t\t<\/div>\n\t\t\t\t<div class=\"elementor-element elementor-element-3ecdc56 elementor-widget__width-initial elementor-widget-tablet__width-inherit elementor-widget elementor-widget-list\" data-id=\"3ecdc56\" data-element_type=\"widget\" data-e-type=\"widget\" data-widget_type=\"list.default\">\n\t\t\t\t<div class=\"elementor-widget-container\">\n\t\t\t\t\t\n<div class=\"nd_elements_section nd_elements_list_component\">\n\n\t<div class=\"nd_elements_section nd_elements_position_relative\">\n\n\t\t<img decoding=\"async\" class=\"nd_elements_position_absolute nd_elements_position_initial_iphone nd_elements_top_0 nd_elements_left_0 nd_elements_list_component_image\" src=\"https:\/\/zsstpz.pl\/podstawowka\/wp-content\/uploads\/sites\/3\/2021\/09\/img-24.png\">\n\n\t\t<div class=\"nd_elements_section nd_elements_list_component_content nd_elements_padding_0_iphone_important\">\n\n\t\t\t\n\t<div class=\"nd_elements_float_left nd_elements_width_100_percentage_iphone_important\" style=\"width:80%\">\n\t\t<h4><span class=\"nd_elements_list_component_title\">Bart\u0142omiej Owczarek <\/span><\/h4>\n\t<\/div>\n\t\n\t\t\t\n\n\t\t\t<div style=\"height:10px\" class=\"nd_elements_section\"><\/div>\n\n\t\t\t\n\t<div class=\"nd_elements_float_left nd_elements_width_100_percentage_iphone_important\" style=\"width:80%\">\n\t\t<p class=\"nd_elements_list_component_description\">Zast\u0119pca Przewodnicz\u0105cego<\/p>\n\t<\/div>\n\t\n\t\t\t\n\t\t\t\n\t\t<\/div>\n\n\t<\/div>\n\n<\/div>\t\t\t\t<\/div>\n\t\t\t\t<\/div>\n\t\t\t\t<div class=\"elementor-element elementor-element-c55b468 elementor-widget__width-initial elementor-widget-tablet__width-inherit elementor-widget elementor-widget-list\" data-id=\"c55b468\" data-element_type=\"widget\" data-e-type=\"widget\" data-widget_type=\"list.default\">\n\t\t\t\t<div class=\"elementor-widget-container\">\n\t\t\t\t\t\n<div class=\"nd_elements_section nd_elements_list_component\">\n\n\t<div class=\"nd_elements_section nd_elements_position_relative\">\n\n\t\t<img decoding=\"async\" class=\"nd_elements_position_absolute nd_elements_position_initial_iphone nd_elements_top_0 nd_elements_left_0 nd_elements_list_component_image\" src=\"https:\/\/zsstpz.pl\/podstawowka\/wp-content\/uploads\/sites\/3\/2021\/09\/img-24.png\">\n\n\t\t<div class=\"nd_elements_section nd_elements_list_component_content nd_elements_padding_0_iphone_important\">\n\n\t\t\t\n\t<div class=\"nd_elements_float_left nd_elements_width_100_percentage_iphone_important\" style=\"width:80%\">\n\t\t<h4><span class=\"nd_elements_list_component_title\">Zofia Kosmalska<\/span><\/h4>\n\t<\/div>\n\t\n\t\t\t\n\n\t\t\t<div style=\"height:10px\" class=\"nd_elements_section\"><\/div>\n\n\t\t\t\n\t<div class=\"nd_elements_float_left nd_elements_width_100_percentage_iphone_important\" style=\"width:80%\">\n\t\t<p class=\"nd_elements_list_component_description\">Protokolant<\/p>\n\t<\/div>\n\t\n\t\t\t\n\t\t\t\n\t\t<\/div>\n\n\t<\/div>\n\n<\/div>\t\t\t\t<\/div>\n\t\t\t\t<\/div>\n\t\t\t\t\t<\/div>\n\t\t<\/div>\n\t\t\t\t\t<\/div>\n\t\t<\/section>\n\t\t\t\t<\/div>\n\t\t","protected":false},"excerpt":{"rendered":"<p>Samorz\u0105d Uczniowski Uczniowie Samorz\u0105d Uczniowski I Spo\u0142ecznej Szko\u0142y Podstawowej w roku szkolnym 2024\/2025 Nadia Znamierowska Przewodnicz\u0105ca Marcelina \u0141odej Skarbnik Bart\u0142omiej Owczarek Zast\u0119pca Przewodnicz\u0105cego Zofia Kosmalska Protokolant<\/p>\n","protected":false},"author":2,"featured_media":0,"parent":6546,"menu_order":0,"comment_status":"closed","ping_status":"closed","template":"","meta":{"footnotes":""},"class_list":["post-6350","page","type-page","status-publish","hentry"],"yoast_head":"<!-- This site is optimized with the Yoast SEO plugin v27.2 - https:\/\/yoast.com\/product\/yoast-seo-wordpress\/ -->\n<title>Samorz\u0105d Uczniowski - I Spo\u0142eczna Szko\u0142a Podstawowa<\/title>\n<meta name=\"description\" content=\"Szko\u0142a Podstawowa nale\u017c\u0105ca do Zespo\u0142u Szk\u00f3\u0142 Spo\u0142ecznych w Zgierzu Towarzystwa Przyjaci\u00f3\u0142 Zgierza - sk\u0142ad samorz\u0105du uczniowskiego.\" \/>\n<meta name=\"robots\" content=\"index, follow, max-snippet:-1, max-image-preview:large, max-video-preview:-1\" \/>\n<link rel=\"canonical\" href=\"https:\/\/zsstpz.pl\/podstawowka\/dla-uczniow\/samorzad-uczniowski\/\" \/>\n<meta property=\"og:locale\" content=\"pl_PL\" \/>\n<meta property=\"og:type\" content=\"article\" \/>\n<meta property=\"og:title\" content=\"Samorz\u0105d Uczniowski - I Spo\u0142eczna Szko\u0142a Podstawowa\" \/>\n<meta property=\"og:description\" content=\"Szko\u0142a Podstawowa nale\u017c\u0105ca do Zespo\u0142u Szk\u00f3\u0142 Spo\u0142ecznych w Zgierzu Towarzystwa Przyjaci\u00f3\u0142 Zgierza - sk\u0142ad samorz\u0105du uczniowskiego.\" \/>\n<meta property=\"og:url\" content=\"https:\/\/zsstpz.pl\/podstawowka\/dla-uczniow\/samorzad-uczniowski\/\" \/>\n<meta property=\"og:site_name\" content=\"I Spo\u0142eczna Szko\u0142a Podstawowa\" \/>\n<meta property=\"article:modified_time\" content=\"2024-10-07T11:35:08+00:00\" \/>\n<meta property=\"og:image\" content=\"https:\/\/zsstpz.pl\/podstawowka\/wp-content\/uploads\/sites\/3\/2021\/09\/img-24.png\" \/>\n<meta name=\"twitter:card\" content=\"summary_large_image\" \/>\n<meta name=\"twitter:label1\" content=\"Szacowany czas czytania\" \/>\n\t<meta name=\"twitter:data1\" content=\"1 minuta\" \/>\n<script type=\"application\/ld+json\" class=\"yoast-schema-graph\">{\"@context\":\"https:\/\/schema.org\",\"@graph\":[{\"@type\":\"WebPage\",\"@id\":\"https:\/\/zsstpz.pl\/podstawowka\/dla-uczniow\/samorzad-uczniowski\/\",\"url\":\"https:\/\/zsstpz.pl\/podstawowka\/dla-uczniow\/samorzad-uczniowski\/\",\"name\":\"Samorz\u0105d Uczniowski - I Spo\u0142eczna Szko\u0142a Podstawowa\",\"isPartOf\":{\"@id\":\"https:\/\/zsstpz.pl\/podstawowka\/#website\"},\"primaryImageOfPage\":{\"@id\":\"https:\/\/zsstpz.pl\/podstawowka\/dla-uczniow\/samorzad-uczniowski\/#primaryimage\"},\"image\":{\"@id\":\"https:\/\/zsstpz.pl\/podstawowka\/dla-uczniow\/samorzad-uczniowski\/#primaryimage\"},\"thumbnailUrl\":\"https:\/\/zsstpz.pl\/podstawowka\/wp-content\/uploads\/sites\/3\/2021\/09\/img-24.png\",\"datePublished\":\"2023-07-24T10:28:23+00:00\",\"dateModified\":\"2024-10-07T11:35:08+00:00\",\"description\":\"Szko\u0142a Podstawowa nale\u017c\u0105ca do Zespo\u0142u Szk\u00f3\u0142 Spo\u0142ecznych w Zgierzu Towarzystwa Przyjaci\u00f3\u0142 Zgierza - sk\u0142ad samorz\u0105du uczniowskiego.\",\"breadcrumb\":{\"@id\":\"https:\/\/zsstpz.pl\/podstawowka\/dla-uczniow\/samorzad-uczniowski\/#breadcrumb\"},\"inLanguage\":\"pl-PL\",\"potentialAction\":[{\"@type\":\"ReadAction\",\"target\":[\"https:\/\/zsstpz.pl\/podstawowka\/dla-uczniow\/samorzad-uczniowski\/\"]}]},{\"@type\":\"ImageObject\",\"inLanguage\":\"pl-PL\",\"@id\":\"https:\/\/zsstpz.pl\/podstawowka\/dla-uczniow\/samorzad-uczniowski\/#primaryimage\",\"url\":\"https:\/\/zsstpz.pl\/podstawowka\/wp-content\/uploads\/sites\/3\/2021\/09\/img-24.png\",\"contentUrl\":\"https:\/\/zsstpz.pl\/podstawowka\/wp-content\/uploads\/sites\/3\/2021\/09\/img-24.png\",\"width\":190,\"height\":190},{\"@type\":\"BreadcrumbList\",\"@id\":\"https:\/\/zsstpz.pl\/podstawowka\/dla-uczniow\/samorzad-uczniowski\/#breadcrumb\",\"itemListElement\":[{\"@type\":\"ListItem\",\"position\":1,\"name\":\"Strona g\u0142\u00f3wna\",\"item\":\"https:\/\/zsstpz.pl\/podstawowka\/\"},{\"@type\":\"ListItem\",\"position\":2,\"name\":\"Dla uczni\u00f3w\",\"item\":\"https:\/\/zsstpz.pl\/podstawowka\/dla-uczniow\/\"},{\"@type\":\"ListItem\",\"position\":3,\"name\":\"Samorz\u0105d Uczniowski\"}]},{\"@type\":\"WebSite\",\"@id\":\"https:\/\/zsstpz.pl\/podstawowka\/#website\",\"url\":\"https:\/\/zsstpz.pl\/podstawowka\/\",\"name\":\"I Spo\u0142eczna Szko\u0142a Podstawowa\",\"description\":\"TPZ\",\"potentialAction\":[{\"@type\":\"SearchAction\",\"target\":{\"@type\":\"EntryPoint\",\"urlTemplate\":\"https:\/\/zsstpz.pl\/podstawowka\/?s={search_term_string}\"},\"query-input\":{\"@type\":\"PropertyValueSpecification\",\"valueRequired\":true,\"valueName\":\"search_term_string\"}}],\"inLanguage\":\"pl-PL\"}]}<\/script>\n<!-- \/ Yoast SEO plugin. -->","yoast_head_json":{"title":"Samorz\u0105d Uczniowski - I Spo\u0142eczna Szko\u0142a Podstawowa","description":"Szko\u0142a Podstawowa nale\u017c\u0105ca do Zespo\u0142u Szk\u00f3\u0142 Spo\u0142ecznych w Zgierzu Towarzystwa Przyjaci\u00f3\u0142 Zgierza - sk\u0142ad samorz\u0105du uczniowskiego.","robots":{"index":"index","follow":"follow","max-snippet":"max-snippet:-1","max-image-preview":"max-image-preview:large","max-video-preview":"max-video-preview:-1"},"canonical":"https:\/\/zsstpz.pl\/podstawowka\/dla-uczniow\/samorzad-uczniowski\/","og_locale":"pl_PL","og_type":"article","og_title":"Samorz\u0105d Uczniowski - I Spo\u0142eczna Szko\u0142a Podstawowa","og_description":"Szko\u0142a Podstawowa nale\u017c\u0105ca do Zespo\u0142u Szk\u00f3\u0142 Spo\u0142ecznych w Zgierzu Towarzystwa Przyjaci\u00f3\u0142 Zgierza - sk\u0142ad samorz\u0105du uczniowskiego.","og_url":"https:\/\/zsstpz.pl\/podstawowka\/dla-uczniow\/samorzad-uczniowski\/","og_site_name":"I Spo\u0142eczna Szko\u0142a Podstawowa","article_modified_time":"2024-10-07T11:35:08+00:00","og_image":[{"url":"https:\/\/zsstpz.pl\/podstawowka\/wp-content\/uploads\/sites\/3\/2021\/09\/img-24.png","type":"","width":"","height":""}],"twitter_card":"summary_large_image","twitter_misc":{"Szacowany czas czytania":"1 minuta"},"schema":{"@context":"https:\/\/schema.org","@graph":[{"@type":"WebPage","@id":"https:\/\/zsstpz.pl\/podstawowka\/dla-uczniow\/samorzad-uczniowski\/","url":"https:\/\/zsstpz.pl\/podstawowka\/dla-uczniow\/samorzad-uczniowski\/","name":"Samorz\u0105d Uczniowski - I Spo\u0142eczna Szko\u0142a Podstawowa","isPartOf":{"@id":"https:\/\/zsstpz.pl\/podstawowka\/#website"},"primaryImageOfPage":{"@id":"https:\/\/zsstpz.pl\/podstawowka\/dla-uczniow\/samorzad-uczniowski\/#primaryimage"},"image":{"@id":"https:\/\/zsstpz.pl\/podstawowka\/dla-uczniow\/samorzad-uczniowski\/#primaryimage"},"thumbnailUrl":"https:\/\/zsstpz.pl\/podstawowka\/wp-content\/uploads\/sites\/3\/2021\/09\/img-24.png","datePublished":"2023-07-24T10:28:23+00:00","dateModified":"2024-10-07T11:35:08+00:00","description":"Szko\u0142a Podstawowa nale\u017c\u0105ca do Zespo\u0142u Szk\u00f3\u0142 Spo\u0142ecznych w Zgierzu Towarzystwa Przyjaci\u00f3\u0142 Zgierza - sk\u0142ad samorz\u0105du uczniowskiego.","breadcrumb":{"@id":"https:\/\/zsstpz.pl\/podstawowka\/dla-uczniow\/samorzad-uczniowski\/#breadcrumb"},"inLanguage":"pl-PL","potentialAction":[{"@type":"ReadAction","target":["https:\/\/zsstpz.pl\/podstawowka\/dla-uczniow\/samorzad-uczniowski\/"]}]},{"@type":"ImageObject","inLanguage":"pl-PL","@id":"https:\/\/zsstpz.pl\/podstawowka\/dla-uczniow\/samorzad-uczniowski\/#primaryimage","url":"https:\/\/zsstpz.pl\/podstawowka\/wp-content\/uploads\/sites\/3\/2021\/09\/img-24.png","contentUrl":"https:\/\/zsstpz.pl\/podstawowka\/wp-content\/uploads\/sites\/3\/2021\/09\/img-24.png","width":190,"height":190},{"@type":"BreadcrumbList","@id":"https:\/\/zsstpz.pl\/podstawowka\/dla-uczniow\/samorzad-uczniowski\/#breadcrumb","itemListElement":[{"@type":"ListItem","position":1,"name":"Strona g\u0142\u00f3wna","item":"https:\/\/zsstpz.pl\/podstawowka\/"},{"@type":"ListItem","position":2,"name":"Dla uczni\u00f3w","item":"https:\/\/zsstpz.pl\/podstawowka\/dla-uczniow\/"},{"@type":"ListItem","position":3,"name":"Samorz\u0105d Uczniowski"}]},{"@type":"WebSite","@id":"https:\/\/zsstpz.pl\/podstawowka\/#website","url":"https:\/\/zsstpz.pl\/podstawowka\/","name":"I Spo\u0142eczna Szko\u0142a Podstawowa","description":"TPZ","potentialAction":[{"@type":"SearchAction","target":{"@type":"EntryPoint","urlTemplate":"https:\/\/zsstpz.pl\/podstawowka\/?s={search_term_string}"},"query-input":{"@type":"PropertyValueSpecification","valueRequired":true,"valueName":"search_term_string"}}],"inLanguage":"pl-PL"}]}},"_links":{"self":[{"href":"https:\/\/zsstpz.pl\/podstawowka\/wp-json\/wp\/v2\/pages\/6350","targetHints":{"allow":["GET"]}}],"collection":[{"href":"https:\/\/zsstpz.pl\/podstawowka\/wp-json\/wp\/v2\/pages"}],"about":[{"href":"https:\/\/zsstpz.pl\/podstawowka\/wp-json\/wp\/v2\/types\/page"}],"author":[{"embeddable":true,"href":"https:\/\/zsstpz.pl\/podstawowka\/wp-json\/wp\/v2\/users\/2"}],"replies":[{"embeddable":true,"href":"https:\/\/zsstpz.pl\/podstawowka\/wp-json\/wp\/v2\/comments?post=6350"}],"version-history":[{"count":65,"href":"https:\/\/zsstpz.pl\/podstawowka\/wp-json\/wp\/v2\/pages\/6350\/revisions"}],"predecessor-version":[{"id":8766,"href":"https:\/\/zsstpz.pl\/podstawowka\/wp-json\/wp\/v2\/pages\/6350\/revisions\/8766"}],"up":[{"embeddable":true,"href":"https:\/\/zsstpz.pl\/podstawowka\/wp-json\/wp\/v2\/pages\/6546"}],"wp:attachment":[{"href":"https:\/\/zsstpz.pl\/podstawowka\/wp-json\/wp\/v2\/media?parent=6350"}],"curies":[{"name":"wp","href":"https:\/\/api.w.org\/{rel}","templated":true}]}}