{"id":7544,"date":"2023-09-21T13:48:41","date_gmt":"2023-09-21T11:48:41","guid":{"rendered":"https:\/\/zsstpz.pl\/podstawowka\/?page_id=7544"},"modified":"2023-11-07T14:27:59","modified_gmt":"2023-11-07T13:27:59","slug":"plan-lekcji-zmiany","status":"publish","type":"page","link":"https:\/\/zsstpz.pl\/podstawowka\/dla-uczniow\/plan-lekcji-zmiany\/","title":{"rendered":"Plan Lekcji &#8211; zmiany!"},"content":{"rendered":"\t\t<div data-elementor-type=\"wp-page\" data-elementor-id=\"7544\" class=\"elementor elementor-7544\">\n\t\t\t\t\t\t<section class=\"elementor-section elementor-top-section elementor-element elementor-element-2603b04 elementor-section-stretched elementor-section-content-middle elementor-section-boxed elementor-section-height-default elementor-section-height-default\" data-id=\"2603b04\" data-element_type=\"section\" data-e-type=\"section\" data-settings=\"{&quot;stretch_section&quot;:&quot;section-stretched&quot;,&quot;background_background&quot;:&quot;classic&quot;}\">\n\t\t\t\t\t\t\t<div class=\"elementor-background-overlay\"><\/div>\n\t\t\t\t\t\t\t<div class=\"elementor-container elementor-column-gap-default\">\n\t\t\t\t\t<div class=\"elementor-column elementor-col-100 elementor-top-column elementor-element elementor-element-1179e44\" data-id=\"1179e44\" data-element_type=\"column\" data-e-type=\"column\">\n\t\t\t<div class=\"elementor-widget-wrap elementor-element-populated\">\n\t\t\t\t\t\t<div class=\"elementor-element elementor-element-240ddff elementor-widget elementor-widget-heading\" data-id=\"240ddff\" data-element_type=\"widget\" data-e-type=\"widget\" data-widget_type=\"heading.default\">\n\t\t\t\t<div class=\"elementor-widget-container\">\n\t\t\t\t\t<h1 class=\"elementor-heading-title elementor-size-default\">Plan Lekcji - zmiany!<\/h1>\t\t\t\t<\/div>\n\t\t\t\t<\/div>\n\t\t\t\t\t<\/div>\n\t\t<\/div>\n\t\t\t\t\t<\/div>\n\t\t<\/section>\n\t\t\t\t<section class=\"elementor-section elementor-top-section elementor-element elementor-element-2b1536ed elementor-section-stretched elementor-section-boxed elementor-section-height-default elementor-section-height-default\" data-id=\"2b1536ed\" data-element_type=\"section\" data-e-type=\"section\" data-settings=\"{&quot;stretch_section&quot;:&quot;section-stretched&quot;,&quot;background_background&quot;:&quot;classic&quot;}\">\n\t\t\t\t\t\t<div class=\"elementor-container elementor-column-gap-default\">\n\t\t\t\t\t<div class=\"elementor-column elementor-col-100 elementor-top-column elementor-element elementor-element-63bb5289\" data-id=\"63bb5289\" data-element_type=\"column\" data-e-type=\"column\">\n\t\t\t<div class=\"elementor-widget-wrap\">\n\t\t\t\t\t\t\t<\/div>\n\t\t<\/div>\n\t\t\t\t\t<\/div>\n\t\t<\/section>\n\t\t\t\t<section class=\"elementor-section elementor-top-section elementor-element elementor-element-c971f82 elementor-section-stretched elementor-section-boxed elementor-section-height-default elementor-section-height-default\" data-id=\"c971f82\" data-element_type=\"section\" data-e-type=\"section\" data-settings=\"{&quot;stretch_section&quot;:&quot;section-stretched&quot;,&quot;background_background&quot;:&quot;classic&quot;}\">\n\t\t\t\t\t\t\t<div class=\"elementor-background-overlay\"><\/div>\n\t\t\t\t\t\t\t<div class=\"elementor-container elementor-column-gap-default\">\n\t\t\t\t\t<div class=\"elementor-column elementor-col-100 elementor-top-column elementor-element elementor-element-e1f5acc elementor-invisible\" data-id=\"e1f5acc\" data-element_type=\"column\" data-e-type=\"column\" data-settings=\"{&quot;background_background&quot;:&quot;classic&quot;,&quot;animation&quot;:&quot;fadeInUp&quot;}\">\n\t\t\t<div class=\"elementor-widget-wrap elementor-element-populated\">\n\t\t\t\t\t\t<div class=\"elementor-element elementor-element-c3a6986 elementor-widget elementor-widget-heading\" data-id=\"c3a6986\" data-element_type=\"widget\" data-e-type=\"widget\" data-widget_type=\"heading.default\">\n\t\t\t\t<div class=\"elementor-widget-container\">\n\t\t\t\t\t<h1 class=\"elementor-heading-title elementor-size-default\">ZMIANY W PLANIE !<\/h1>\t\t\t\t<\/div>\n\t\t\t\t<\/div>\n\t\t\t\t<div class=\"elementor-element elementor-element-e18078a elementor-widget elementor-widget-shortcode\" data-id=\"e18078a\" data-element_type=\"widget\" data-e-type=\"widget\" data-widget_type=\"shortcode.default\">\n\t\t\t\t<div class=\"elementor-widget-container\">\n\t\t\t\t\t\t\t<div class=\"elementor-shortcode\"><iframe  width=\"640\" height=\"860\" src=\"https:\/\/docs.google.com\/document\/d\/1zioDjxnaAhYJ02_IJeP9euuiV7omHkbHxK766d_6oWI\/edit?usp=sharing &rm=minimal\"><\/iframe><\/div>\n\t\t\t\t\t\t<\/div>\n\t\t\t\t<\/div>\n\t\t\t\t\t<\/div>\n\t\t<\/div>\n\t\t\t\t\t<\/div>\n\t\t<\/section>\n\t\t\t\t<\/div>\n\t\t","protected":false},"excerpt":{"rendered":"<p>Plan Lekcji &#8211; zmiany! ZMIANY W PLANIE !<\/p>\n","protected":false},"author":2,"featured_media":0,"parent":6546,"menu_order":0,"comment_status":"closed","ping_status":"closed","template":"","meta":{"footnotes":""},"class_list":["post-7544","page","type-page","status-publish","hentry"],"yoast_head":"<!-- This site is optimized with the Yoast SEO plugin v27.2 - https:\/\/yoast.com\/product\/yoast-seo-wordpress\/ -->\n<title>Plan Lekcji - zmiany! - I Spo\u0142eczna Szko\u0142a Podstawowa<\/title>\n<meta name=\"description\" content=\"Szko\u0142a Podstawowa nale\u017c\u0105ca do Zespo\u0142u Szk\u00f3\u0142 Spo\u0142ecznych w Zgierzu Towarzystwa Przyjaci\u00f3\u0142 Zgierza - bie\u017c\u0105ce zmiany w planie lekcji.\" \/>\n<meta name=\"robots\" content=\"index, follow, max-snippet:-1, max-image-preview:large, max-video-preview:-1\" \/>\n<link rel=\"canonical\" href=\"https:\/\/zsstpz.pl\/podstawowka\/dla-uczniow\/plan-lekcji-zmiany\/\" \/>\n<meta property=\"og:locale\" content=\"pl_PL\" \/>\n<meta property=\"og:type\" content=\"article\" \/>\n<meta property=\"og:title\" content=\"Plan Lekcji - zmiany! - I Spo\u0142eczna Szko\u0142a Podstawowa\" \/>\n<meta property=\"og:description\" content=\"Szko\u0142a Podstawowa nale\u017c\u0105ca do Zespo\u0142u Szk\u00f3\u0142 Spo\u0142ecznych w Zgierzu Towarzystwa Przyjaci\u00f3\u0142 Zgierza - bie\u017c\u0105ce zmiany w planie lekcji.\" \/>\n<meta property=\"og:url\" content=\"https:\/\/zsstpz.pl\/podstawowka\/dla-uczniow\/plan-lekcji-zmiany\/\" \/>\n<meta property=\"og:site_name\" content=\"I Spo\u0142eczna Szko\u0142a Podstawowa\" \/>\n<meta property=\"article:modified_time\" content=\"2023-11-07T13:27:59+00:00\" \/>\n<meta name=\"twitter:card\" content=\"summary_large_image\" \/>\n<meta name=\"twitter:label1\" content=\"Szacowany czas czytania\" \/>\n\t<meta name=\"twitter:data1\" content=\"1 minuta\" \/>\n<script type=\"application\/ld+json\" class=\"yoast-schema-graph\">{\"@context\":\"https:\/\/schema.org\",\"@graph\":[{\"@type\":\"WebPage\",\"@id\":\"https:\/\/zsstpz.pl\/podstawowka\/dla-uczniow\/plan-lekcji-zmiany\/\",\"url\":\"https:\/\/zsstpz.pl\/podstawowka\/dla-uczniow\/plan-lekcji-zmiany\/\",\"name\":\"Plan Lekcji - zmiany! - I Spo\u0142eczna Szko\u0142a Podstawowa\",\"isPartOf\":{\"@id\":\"https:\/\/zsstpz.pl\/podstawowka\/#website\"},\"datePublished\":\"2023-09-21T11:48:41+00:00\",\"dateModified\":\"2023-11-07T13:27:59+00:00\",\"description\":\"Szko\u0142a Podstawowa nale\u017c\u0105ca do Zespo\u0142u Szk\u00f3\u0142 Spo\u0142ecznych w Zgierzu Towarzystwa Przyjaci\u00f3\u0142 Zgierza - bie\u017c\u0105ce zmiany w planie lekcji.\",\"breadcrumb\":{\"@id\":\"https:\/\/zsstpz.pl\/podstawowka\/dla-uczniow\/plan-lekcji-zmiany\/#breadcrumb\"},\"inLanguage\":\"pl-PL\",\"potentialAction\":[{\"@type\":\"ReadAction\",\"target\":[\"https:\/\/zsstpz.pl\/podstawowka\/dla-uczniow\/plan-lekcji-zmiany\/\"]}]},{\"@type\":\"BreadcrumbList\",\"@id\":\"https:\/\/zsstpz.pl\/podstawowka\/dla-uczniow\/plan-lekcji-zmiany\/#breadcrumb\",\"itemListElement\":[{\"@type\":\"ListItem\",\"position\":1,\"name\":\"Strona g\u0142\u00f3wna\",\"item\":\"https:\/\/zsstpz.pl\/podstawowka\/\"},{\"@type\":\"ListItem\",\"position\":2,\"name\":\"Dla uczni\u00f3w\",\"item\":\"https:\/\/zsstpz.pl\/podstawowka\/dla-uczniow\/\"},{\"@type\":\"ListItem\",\"position\":3,\"name\":\"Plan Lekcji &#8211; zmiany!\"}]},{\"@type\":\"WebSite\",\"@id\":\"https:\/\/zsstpz.pl\/podstawowka\/#website\",\"url\":\"https:\/\/zsstpz.pl\/podstawowka\/\",\"name\":\"I Spo\u0142eczna Szko\u0142a Podstawowa\",\"description\":\"TPZ\",\"potentialAction\":[{\"@type\":\"SearchAction\",\"target\":{\"@type\":\"EntryPoint\",\"urlTemplate\":\"https:\/\/zsstpz.pl\/podstawowka\/?s={search_term_string}\"},\"query-input\":{\"@type\":\"PropertyValueSpecification\",\"valueRequired\":true,\"valueName\":\"search_term_string\"}}],\"inLanguage\":\"pl-PL\"}]}<\/script>\n<!-- \/ Yoast SEO plugin. -->","yoast_head_json":{"title":"Plan Lekcji - zmiany! - I Spo\u0142eczna Szko\u0142a Podstawowa","description":"Szko\u0142a Podstawowa nale\u017c\u0105ca do Zespo\u0142u Szk\u00f3\u0142 Spo\u0142ecznych w Zgierzu Towarzystwa Przyjaci\u00f3\u0142 Zgierza - bie\u017c\u0105ce zmiany w planie lekcji.","robots":{"index":"index","follow":"follow","max-snippet":"max-snippet:-1","max-image-preview":"max-image-preview:large","max-video-preview":"max-video-preview:-1"},"canonical":"https:\/\/zsstpz.pl\/podstawowka\/dla-uczniow\/plan-lekcji-zmiany\/","og_locale":"pl_PL","og_type":"article","og_title":"Plan Lekcji - zmiany! - I Spo\u0142eczna Szko\u0142a Podstawowa","og_description":"Szko\u0142a Podstawowa nale\u017c\u0105ca do Zespo\u0142u Szk\u00f3\u0142 Spo\u0142ecznych w Zgierzu Towarzystwa Przyjaci\u00f3\u0142 Zgierza - bie\u017c\u0105ce zmiany w planie lekcji.","og_url":"https:\/\/zsstpz.pl\/podstawowka\/dla-uczniow\/plan-lekcji-zmiany\/","og_site_name":"I Spo\u0142eczna Szko\u0142a Podstawowa","article_modified_time":"2023-11-07T13:27:59+00:00","twitter_card":"summary_large_image","twitter_misc":{"Szacowany czas czytania":"1 minuta"},"schema":{"@context":"https:\/\/schema.org","@graph":[{"@type":"WebPage","@id":"https:\/\/zsstpz.pl\/podstawowka\/dla-uczniow\/plan-lekcji-zmiany\/","url":"https:\/\/zsstpz.pl\/podstawowka\/dla-uczniow\/plan-lekcji-zmiany\/","name":"Plan Lekcji - zmiany! - I Spo\u0142eczna Szko\u0142a Podstawowa","isPartOf":{"@id":"https:\/\/zsstpz.pl\/podstawowka\/#website"},"datePublished":"2023-09-21T11:48:41+00:00","dateModified":"2023-11-07T13:27:59+00:00","description":"Szko\u0142a Podstawowa nale\u017c\u0105ca do Zespo\u0142u Szk\u00f3\u0142 Spo\u0142ecznych w Zgierzu Towarzystwa Przyjaci\u00f3\u0142 Zgierza - bie\u017c\u0105ce zmiany w planie lekcji.","breadcrumb":{"@id":"https:\/\/zsstpz.pl\/podstawowka\/dla-uczniow\/plan-lekcji-zmiany\/#breadcrumb"},"inLanguage":"pl-PL","potentialAction":[{"@type":"ReadAction","target":["https:\/\/zsstpz.pl\/podstawowka\/dla-uczniow\/plan-lekcji-zmiany\/"]}]},{"@type":"BreadcrumbList","@id":"https:\/\/zsstpz.pl\/podstawowka\/dla-uczniow\/plan-lekcji-zmiany\/#breadcrumb","itemListElement":[{"@type":"ListItem","position":1,"name":"Strona g\u0142\u00f3wna","item":"https:\/\/zsstpz.pl\/podstawowka\/"},{"@type":"ListItem","position":2,"name":"Dla uczni\u00f3w","item":"https:\/\/zsstpz.pl\/podstawowka\/dla-uczniow\/"},{"@type":"ListItem","position":3,"name":"Plan Lekcji &#8211; zmiany!"}]},{"@type":"WebSite","@id":"https:\/\/zsstpz.pl\/podstawowka\/#website","url":"https:\/\/zsstpz.pl\/podstawowka\/","name":"I Spo\u0142eczna Szko\u0142a Podstawowa","description":"TPZ","potentialAction":[{"@type":"SearchAction","target":{"@type":"EntryPoint","urlTemplate":"https:\/\/zsstpz.pl\/podstawowka\/?s={search_term_string}"},"query-input":{"@type":"PropertyValueSpecification","valueRequired":true,"valueName":"search_term_string"}}],"inLanguage":"pl-PL"}]}},"_links":{"self":[{"href":"https:\/\/zsstpz.pl\/podstawowka\/wp-json\/wp\/v2\/pages\/7544","targetHints":{"allow":["GET"]}}],"collection":[{"href":"https:\/\/zsstpz.pl\/podstawowka\/wp-json\/wp\/v2\/pages"}],"about":[{"href":"https:\/\/zsstpz.pl\/podstawowka\/wp-json\/wp\/v2\/types\/page"}],"author":[{"embeddable":true,"href":"https:\/\/zsstpz.pl\/podstawowka\/wp-json\/wp\/v2\/users\/2"}],"replies":[{"embeddable":true,"href":"https:\/\/zsstpz.pl\/podstawowka\/wp-json\/wp\/v2\/comments?post=7544"}],"version-history":[{"count":29,"href":"https:\/\/zsstpz.pl\/podstawowka\/wp-json\/wp\/v2\/pages\/7544\/revisions"}],"predecessor-version":[{"id":8338,"href":"https:\/\/zsstpz.pl\/podstawowka\/wp-json\/wp\/v2\/pages\/7544\/revisions\/8338"}],"up":[{"embeddable":true,"href":"https:\/\/zsstpz.pl\/podstawowka\/wp-json\/wp\/v2\/pages\/6546"}],"wp:attachment":[{"href":"https:\/\/zsstpz.pl\/podstawowka\/wp-json\/wp\/v2\/media?parent=7544"}],"curies":[{"name":"wp","href":"https:\/\/api.w.org\/{rel}","templated":true}]}}